{"id":4684,"date":"2014-03-05T15:11:05","date_gmt":"2014-03-05T15:11:05","guid":{"rendered":"https:\/\/demo.wpzoom.com\/startingup-builder\/?page_id=4684"},"modified":"2026-02-20T12:25:56","modified_gmt":"2026-02-20T11:25:56","slug":"blog","status":"publish","type":"page","link":"https:\/\/www.nunasvaara.se\/index.php\/blog\/","title":{"rendered":"Samlad kunskap"},"content":{"rendered":"\n<h2 class=\"wp-block-heading\">Vill du veta mer om Nunasvaara?<\/h2>\n\n\n\n<div class=\"wp-block-columns is-layout-flex wp-container-core-columns-is-layout-28f84493 wp-block-columns-is-layout-flex\">\n<div class=\"wp-block-column is-layout-flow wp-block-column-is-layout-flow\">\n<p>I f\u00f6ljande kategorier s\u00e5 har vi samlat en del kunskap, filmer och texter fr\u00e5n omr\u00e5det.<\/p>\n\n\n\n<div class=\"wp-block-columns is-layout-flex wp-container-core-columns-is-layout-28f84493 wp-block-columns-is-layout-flex\">\n<div class=\"wp-block-column is-layout-flow wp-block-column-is-layout-flow\">\n<p>L\u00e4ngre ner hittar ni fler kartor \u00f6ver omr\u00e5det.<\/p>\n<\/div>\n<\/div>\n<\/div>\n<\/div>\n\n\n\n<div class=\"wp-block-columns is-layout-flex wp-container-core-columns-is-layout-28f84493 wp-block-columns-is-layout-flex\">\n<div class=\"wp-block-column is-layout-flow wp-block-column-is-layout-flow\">\n<figure class=\"wp-block-image size-full\"><img loading=\"lazy\" decoding=\"async\" width=\"964\" height=\"880\" src=\"https:\/\/www.nunasvaara.se\/wp-content\/uploads\/2026\/02\/image-14.png\" alt=\"\" class=\"wp-image-8411\" srcset=\"https:\/\/www.nunasvaara.se\/wp-content\/uploads\/2026\/02\/image-14.png 964w, https:\/\/www.nunasvaara.se\/wp-content\/uploads\/2026\/02\/image-14-300x274.png 300w\" sizes=\"auto, (max-width: 964px) 100vw, 964px\" \/><\/figure>\n\n\n\n<p>Bild fr\u00e5n dagbrottet i Aitik, ytan \u00e4r ca. 1 x 3 km, i j\u00e4mf\u00f6relse med de fyra  planerade gruvorna Nunasvaara S\u00f6dra, Nunasvaara Norra, Niska S\u00f6dra och Niska Norra som kommer att kr\u00e4va ungef\u00e4r den dubbla ytan, ca. 1 x 6 km. <\/p>\n\n\n\n<figure class=\"wp-block-image size-large\"><img loading=\"lazy\" decoding=\"async\" width=\"705\" height=\"1024\" src=\"https:\/\/www.nunasvaara.se\/wp-content\/uploads\/2026\/02\/image-15-705x1024.png\" alt=\"\" class=\"wp-image-8416\" srcset=\"https:\/\/www.nunasvaara.se\/wp-content\/uploads\/2026\/02\/image-15-705x1024.png 705w, https:\/\/www.nunasvaara.se\/wp-content\/uploads\/2026\/02\/image-15-206x300.png 206w, https:\/\/www.nunasvaara.se\/wp-content\/uploads\/2026\/02\/image-15.png 1407w\" sizes=\"auto, (max-width: 705px) 100vw, 705px\" \/><\/figure>\n<\/div>\n\n\n\n<div class=\"wp-block-column is-layout-flow wp-block-column-is-layout-flow\">\n<figure class=\"wp-block-image size-large\"><img loading=\"lazy\" decoding=\"async\" width=\"898\" height=\"1024\" src=\"https:\/\/www.nunasvaara.se\/wp-content\/uploads\/2026\/01\/image-15-898x1024.png\" alt=\"\" class=\"wp-image-8247\" srcset=\"https:\/\/www.nunasvaara.se\/wp-content\/uploads\/2026\/01\/image-15-898x1024.png 898w, https:\/\/www.nunasvaara.se\/wp-content\/uploads\/2026\/01\/image-15-263x300.png 263w, https:\/\/www.nunasvaara.se\/wp-content\/uploads\/2026\/01\/image-15-2000x2280.png 2000w\" sizes=\"auto, (max-width: 898px) 100vw, 898px\" \/><\/figure>\n\n\n\n<p>Om man ser fram\u00e5t mot den fortsatta expanderingen av gruvomr\u00e5det s\u00e5 kan man bara ana hur det kommer att se ut. Omr\u00e5dena (ocks\u00e5 det bakom Airivaara) innanf\u00f6r de yttre r\u00f6da linjerna p\u00e5 kartan till h\u00f6ger ing\u00e5r i de planerna.<\/p>\n\n\n\n<div style=\"height:100px\" aria-hidden=\"true\" class=\"wp-block-spacer\"><\/div>\n\n\n\n<p class=\"has-medium-font-size\"><strong>Det kr\u00e4vs stora markytor f\u00f6r att anl\u00e4gga en gruva<\/strong><\/p>\n\n\n\n<p>P\u00e5 kartan till v\u00e4nster ser man hur stor yta som dagbrottet till h\u00f6ger upptar  i Aitikgruvan i f\u00f6rh\u00e5llande till det \u00f6vriga gruvomr\u00e5det. Det kr\u00e4vs som synes ytterligare ganska stora ytor f\u00f6r byggnationer, v\u00e4gar, dammar m.m. <\/p>\n\n\n\n<p>Det skall dock s\u00e4gas att detta bara \u00e4r ett exempel. Hur stora ytor som kommer att kr\u00e4vas i Nunasvaara k\u00e4nner vi inte till i dagsl\u00e4get men att det kommer att kr\u00e4vas st\u00f6rre ytor \u00e4n endast den yta dagbrotten beh\u00f6ver \u00e4r det ingen tvekan om. Det skall byggas anrikningsverk, v\u00e4gar, kontorsbyggnader, upplagsplatser m.m. Och n\u00e5got som kommer att kr\u00e4va extra stora markytor \u00e4r de dammar som ocks\u00e5 skall byggas.<\/p>\n\n\n\n<div style=\"height:75px\" aria-hidden=\"true\" class=\"wp-block-spacer\"><\/div>\n\n\n\n<p>P\u00e5 den lilla inf\u00e4llda kartbilden kan ni se hur stort gruvomr\u00e5det i Aitik \u00e4r i f\u00f6rh\u00e5llande till t\u00e4torterna G\u00e4llivare, Malmberget och Koskullskulle.<\/p>\n<\/div>\n<\/div>\n\n\n\n<div style=\"height:44px\" aria-hidden=\"true\" class=\"wp-block-spacer\"><\/div>\n\n\n\n<figure class=\"wp-block-image aligncenter size-large\"><img loading=\"lazy\" decoding=\"async\" width=\"1024\" height=\"789\" src=\"https:\/\/www.nunasvaara.se\/wp-content\/uploads\/2025\/04\/D1399790-C310-4B57-A979-3366EEA70EF8-1024x789.png\" alt=\"\" class=\"wp-image-7345\" srcset=\"https:\/\/www.nunasvaara.se\/wp-content\/uploads\/2025\/04\/D1399790-C310-4B57-A979-3366EEA70EF8-1024x789.png 1024w, https:\/\/www.nunasvaara.se\/wp-content\/uploads\/2025\/04\/D1399790-C310-4B57-A979-3366EEA70EF8-300x231.png 300w, https:\/\/www.nunasvaara.se\/wp-content\/uploads\/2025\/04\/D1399790-C310-4B57-A979-3366EEA70EF8.png 1600w\" sizes=\"auto, (max-width: 1024px) 100vw, 1024px\" \/><figcaption class=\"wp-element-caption\">Karta f\u00f6r att belysa gruvans omr\u00e5de<\/figcaption><\/figure>\n\n\n\n<figure class=\"wp-block-image aligncenter size-large\"><img loading=\"lazy\" decoding=\"async\" width=\"1024\" height=\"587\" src=\"https:\/\/www.nunasvaara.se\/wp-content\/uploads\/2025\/04\/samebyar-karta-1024x587.png\" alt=\"\" class=\"wp-image-7353\" srcset=\"https:\/\/www.nunasvaara.se\/wp-content\/uploads\/2025\/04\/samebyar-karta-1024x587.png 1024w, https:\/\/www.nunasvaara.se\/wp-content\/uploads\/2025\/04\/samebyar-karta-300x172.png 300w, https:\/\/www.nunasvaara.se\/wp-content\/uploads\/2025\/04\/samebyar-karta-2000x1147.png 2000w\" sizes=\"auto, (max-width: 1024px) 100vw, 1024px\" \/><figcaption class=\"wp-element-caption\">Karta \u00f6ver de n\u00e4rliggande Samebyarna<\/figcaption><\/figure>\n\n\n\n<div style=\"height:100px\" aria-hidden=\"true\" class=\"wp-block-spacer\"><\/div>\n\n\n\n<figure class=\"wp-block-image size-large\"><img loading=\"lazy\" decoding=\"async\" width=\"702\" height=\"1024\" src=\"https:\/\/www.nunasvaara.se\/wp-content\/uploads\/2026\/01\/image-21-702x1024.png\" alt=\"\" class=\"wp-image-8295\" srcset=\"https:\/\/www.nunasvaara.se\/wp-content\/uploads\/2026\/01\/image-21-702x1024.png 702w, https:\/\/www.nunasvaara.se\/wp-content\/uploads\/2026\/01\/image-21-206x300.png 206w, https:\/\/www.nunasvaara.se\/wp-content\/uploads\/2026\/01\/image-21.png 877w\" sizes=\"auto, (max-width: 702px) 100vw, 702px\" \/><\/figure>\n\n\n\n<p><\/p>\n\n\n\n<div style=\"height:100px\" aria-hidden=\"true\" class=\"wp-block-spacer\"><\/div>\n\n\n\n<figure class=\"wp-block-image size-large\"><img loading=\"lazy\" decoding=\"async\" width=\"898\" height=\"1024\" src=\"https:\/\/www.nunasvaara.se\/wp-content\/uploads\/2026\/01\/image-15-898x1024.png\" alt=\"\" class=\"wp-image-8247\" srcset=\"https:\/\/www.nunasvaara.se\/wp-content\/uploads\/2026\/01\/image-15-898x1024.png 898w, https:\/\/www.nunasvaara.se\/wp-content\/uploads\/2026\/01\/image-15-263x300.png 263w, https:\/\/www.nunasvaara.se\/wp-content\/uploads\/2026\/01\/image-15-2000x2280.png 2000w\" sizes=\"auto, (max-width: 898px) 100vw, 898px\" \/><\/figure>\n\n\n\n<p>Karta \u00f6ver Nunasvaara omr\u00e5det. Innanf\u00f6r den yttre r\u00f6da linjen h\u00e4rskar gruvbolaget som vill starta upp kolgruvor i hela detta omr\u00e5de. \u00c4n s\u00e5 l\u00e4nge har Bergsstaten endast gett tillst\u00e5nd till fyra gruvor, omr\u00e5det \u00e4r markerat med r\u00f6d linje och namn p\u00e5 de olika gruvorna. Omr\u00e5det vid Airij\u00e4rvi &#8211; E45:an mot Karesuando ing\u00e5r ocks\u00e5 i planerna. <\/p>\n\n\n\n<div style=\"height:65px\" aria-hidden=\"true\" class=\"wp-block-spacer\"><\/div>\n\n\n\n<div class=\"wp-block-columns is-layout-flex wp-container-core-columns-is-layout-28f84493 wp-block-columns-is-layout-flex\">\n<div class=\"wp-block-column is-layout-flow wp-block-column-is-layout-flow\">\n<figure class=\"wp-block-image size-large\"><img loading=\"lazy\" decoding=\"async\" width=\"742\" height=\"1024\" src=\"https:\/\/www.nunasvaara.se\/wp-content\/uploads\/2026\/01\/image-33-742x1024.png\" alt=\"\" class=\"wp-image-8357\" srcset=\"https:\/\/www.nunasvaara.se\/wp-content\/uploads\/2026\/01\/image-33-742x1024.png 742w, https:\/\/www.nunasvaara.se\/wp-content\/uploads\/2026\/01\/image-33-217x300.png 217w, https:\/\/www.nunasvaara.se\/wp-content\/uploads\/2026\/01\/image-33-2000x2759.png 2000w, https:\/\/www.nunasvaara.se\/wp-content\/uploads\/2026\/01\/image-33-scaled.png 1856w\" sizes=\"auto, (max-width: 742px) 100vw, 742px\" \/><\/figure>\n\n\n\n<p style=\"line-height:0.5\">Karta \u00f6ver Vittangi vattent\u00e4kt och Nunasvaaras planerade gruvomr\u00e5de. Det man ser \u00e4r att s\u00e5 gott <\/p>\n\n\n\n<p style=\"line-height:0.5\">som hela det omr\u00e5de som gruvbolaget r\u00e5der \u00f6ver ligger innanf\u00f6r Vittangis vattent\u00e4kt, innanf\u00f6r den<\/p>\n\n\n\n<p style=\"line-height:0.5\">r\u00f6da linjen, innanf\u00f6r den bl\u00e5 linjen finns de fyra gruvor som Bergsstaten beviljat bearbetningskoncession.<\/p>\n\n\n\n<p style=\"line-height:0.5\">Ett omr\u00e5de som man tycker skulle vara skyddat. Rent vatten i naturen beh\u00f6vs f\u00f6r att vi ska ha ett <\/p>\n\n\n\n<p style=\"line-height:0.5\">h\u00e4lsosamt dricksvatten i v\u00e5ra vattenkranar. <\/p>\n\n\n\n<p style=\"line-height:0.5\">Vatten saknar \u00e4gare och det finns m\u00e5nga hot som kan leda till att vatten f\u00f6rorenas.&nbsp;<\/p>\n\n\n\n<p style=\"line-height:0.5\"><strong>Att skydda det vatten som n\u00e5r dricksvattent\u00e4kterna \u00e4r d\u00e4rf\u00f6r ett ansvar som vilar p\u00e5 alla medborgare.<\/strong><\/p>\n\n\n\n<p style=\"line-height:0.5\">Och hur skall vi medborgare klara det n\u00e4r ett gruvbolag vill in p\u00e5 omr\u00e5det och starta en kolgruva?<\/p>\n<\/div>\n<\/div>\n\n\n\n<p><\/p>\n","protected":false},"excerpt":{"rendered":"<p>Vill du veta mer om Nunasvaara? I f\u00f6ljande kategorier s\u00e5 har vi samlat en del kunskap, filmer och texter fr\u00e5n omr\u00e5det. L\u00e4ngre ner hittar ni fler kartor \u00f6ver omr\u00e5det. Bild fr\u00e5n dagbrottet i Aitik, ytan \u00e4r ca. 1 x 3 km, i j\u00e4mf\u00f6relse med de fyra planerade gruvorna Nunasvaara S\u00f6dra, Nunasvaara Norra, Niska S\u00f6dra och &hellip; <\/p>\n<p class=\"link-more\"><a href=\"https:\/\/www.nunasvaara.se\/index.php\/blog\/\" class=\"more-link\">L\u00e4s mer<span class=\"screen-reader-text\"> \u201dSamlad kunskap\u201d<\/span><\/a><\/p>\n","protected":false},"author":2,"featured_media":0,"parent":0,"menu_order":0,"comment_status":"open","ping_status":"closed","template":"page-templates\/no-title.php","meta":{"footnotes":""},"class_list":["post-4684","page","type-page","status-publish","hentry"],"_links":{"self":[{"href":"https:\/\/www.nunasvaara.se\/index.php\/wp-json\/wp\/v2\/pages\/4684","targetHints":{"allow":["GET"]}}],"collection":[{"href":"https:\/\/www.nunasvaara.se\/index.php\/wp-json\/wp\/v2\/pages"}],"about":[{"href":"https:\/\/www.nunasvaara.se\/index.php\/wp-json\/wp\/v2\/types\/page"}],"author":[{"embeddable":true,"href":"https:\/\/www.nunasvaara.se\/index.php\/wp-json\/wp\/v2\/users\/2"}],"replies":[{"embeddable":true,"href":"https:\/\/www.nunasvaara.se\/index.php\/wp-json\/wp\/v2\/comments?post=4684"}],"version-history":[{"count":18,"href":"https:\/\/www.nunasvaara.se\/index.php\/wp-json\/wp\/v2\/pages\/4684\/revisions"}],"predecessor-version":[{"id":8419,"href":"https:\/\/www.nunasvaara.se\/index.php\/wp-json\/wp\/v2\/pages\/4684\/revisions\/8419"}],"wp:attachment":[{"href":"https:\/\/www.nunasvaara.se\/index.php\/wp-json\/wp\/v2\/media?parent=4684"}],"curies":[{"name":"wp","href":"https:\/\/api.w.org\/{rel}","templated":true}]}}