{"id":628,"date":"2009-05-06T11:43:24","date_gmt":"2009-05-06T16:43:24","guid":{"rendered":"http:\/\/wpzoom.com\/zenko\/demo\/?page_id=3"},"modified":"2025-11-18T19:26:21","modified_gmt":"2025-11-18T18:26:21","slug":"contact","status":"publish","type":"page","link":"https:\/\/www.nunasvaara.se\/index.php\/contact\/","title":{"rendered":"Kontaktuppgifter"},"content":{"rendered":"\n<div style=\"height:156px\" aria-hidden=\"true\" class=\"wp-block-spacer\"><\/div>\n\n\n\n<div class=\"wp-block-group has-global-padding is-layout-constrained wp-block-group-is-layout-constrained\">\n<div class=\"wp-block-columns are-vertically-aligned-top is-layout-flex wp-container-core-columns-is-layout-d7d455e7 wp-block-columns-is-layout-flex\" style=\"padding-top:0;padding-right:0;padding-bottom:0;padding-left:0\">\n<div class=\"wp-block-column is-vertically-aligned-top is-layout-flow wp-block-column-is-layout-flow\" style=\"padding-right:7%;flex-basis:50%\">\n<h2 class=\"wp-block-heading\">Press &#8211; Media<\/h2>\n\n\n\n<p><a href=\"mailto:gruvinformation@gmail.com\">gruvinformation@gmail.com<\/a><\/p>\n\n\n\n<p><strong>Ulrik Lidstr\u00f6m<\/strong> <br>Tel. +46 70-679 73 50<\/p>\n\n\n\n<p><strong>P\u00e4ivi Juuso  <\/strong><br>Tel. +46 70-539 82 87<\/p>\n\n\n\n<p>H<strong>anna R\u00e5man<\/strong>  <br>Tel. +46 70-331 22 34<\/p>\n\n\n\n<p><strong>Urpo Taskinen<\/strong> <br>Tel. +46 70-629 58 02<\/p>\n\n\n\n<h2 class=\"wp-block-heading\">Ber\u00f6rda samebyar<\/h2>\n\n\n\n<p><strong>Talma<\/strong><br>Nils Joh\u00e1nas Allas<br>Ordf\u00f6rande<br><a href=\"mailto:Info@talma.nu\">info@talma.nu<\/a><\/p>\n\n\n\n<p><\/p>\n\n\n\n<p><strong>Saarivuoma<\/strong><br>Nils Ola Sikku<br>Ordf\u00f6rande<br>Tel. +46 73- 807 12 57<br><a href=\"mailto:nosikku@gmail.com\">nosikku@gmail.com<\/a><\/p>\n\n\n\n<p><strong>Gabna<\/strong><br>Karin K Niia<br>Ren\u00e4gare och ledamot i Gabna Samebys styrelse<br>Tel. +46 73-042 89 39<\/p>\n<\/div>\n\n\n\n<div class=\"wp-block-column is-vertically-aligned-top is-layout-flow wp-block-column-is-layout-flow\" style=\"flex-basis:50%\">\n<figure class=\"wp-block-image size-large is-resized\"><img loading=\"lazy\" decoding=\"async\" width=\"1024\" height=\"245\" src=\"https:\/\/www.nunasvaara.se\/wp-content\/uploads\/2025\/11\/image-16-1024x245.png\" alt=\"\" class=\"wp-image-7975\" style=\"width:263px;height:auto\" srcset=\"https:\/\/www.nunasvaara.se\/wp-content\/uploads\/2025\/11\/image-16-1024x245.png 1024w, https:\/\/www.nunasvaara.se\/wp-content\/uploads\/2025\/11\/image-16-300x72.png 300w, https:\/\/www.nunasvaara.se\/wp-content\/uploads\/2025\/11\/image-16-2000x479.png 2000w\" sizes=\"auto, (max-width: 1024px) 100vw, 1024px\" \/><\/figure>\n\n\n\n<h2 class=\"wp-block-heading has-small-font-size\"><strong>Bj\u00f6rn Lundquist<\/strong> <br>Tel. +46 76- 849 13 22<br><a href=\"mailto:fam-lundquist@outlook.com\">fam-lundquist@outlook.com<\/a><br><a href=\"https:\/\/kiruna.naturskyddsforeningen.se\/\">https:\/\/kiruna.naturskyddsforeningen.se\/<\/a><br><a href=\"https:\/\/norrbotten.naturskyddsforeningen.se\">https:\/\/norrbotten.naturskyddsforeningen.se<\/a><br><\/h2>\n\n\n\n<h2 class=\"wp-block-heading\">Svenska Samernas Riksf\u00f6rbund<\/h2>\n\n\n\n<p><strong>Matti Berg<\/strong><br>Tel. +46 70-397 69 77<br><a href=\"mailto:Matti@sapmi.se\">matti@sapmi.se<\/a><br><a href=\"https:\/\/www.sapmi.se\/\">https:\/\/www.sapmi.se\/<\/a><\/p>\n\n\n\n<h2 class=\"wp-block-heading\">Samer\u00e5det<\/h2>\n\n\n\n<p>Hemsida. <a href=\"https:\/\/www.saamicouncil.net\/\">https:\/\/www.saamicouncil.net\/<\/a><\/p>\n\n\n\n<h2 class=\"wp-block-heading\">Biologisk m\u00e5ngfald<\/h2>\n\n\n\n<p><strong>Urpo Taskinen<\/strong> <br>Tel. +46 70-629 58 02<\/p>\n\n\n\n<p><strong>Uppdatering av hemsidan<\/strong> : <em>hemsidan@nunasvaara.se<\/em><\/p>\n\n\n\n<p><\/p>\n\n\n\n<p><\/p>\n\n\n\n<p><\/p>\n<\/div>\n<\/div>\n<\/div>\n\n\n\n<div class=\"wp-block-group alignfull has-global-padding is-layout-constrained wp-container-core-group-is-layout-19e250f3 wp-block-group-is-layout-constrained\">\n<div class=\"wp-block-columns alignfull are-vertically-aligned-center is-layout-flex wp-container-core-columns-is-layout-dd282781 wp-block-columns-is-layout-flex\" style=\"padding-top:0;padding-right:0;padding-bottom:0;padding-left:0\">\n<div class=\"wp-block-column is-vertically-aligned-center map-grayscale is-layout-flow wp-block-column-is-layout-flow\" style=\"flex-basis:50%\">\n<h2 class=\"wp-block-heading has-text-align-right\">Sociala medier<\/h2>\n<\/div>\n<\/div>\n\n\n\n<ul class=\"wp-block-social-links aligncenter has-huge-icon-size is-content-justification-center is-layout-flex wp-container-core-social-links-is-layout-a89b3969 wp-block-social-links-is-layout-flex\"><li class=\"wp-social-link wp-social-link-facebook  wp-block-social-link\"><a href=\"https:\/\/www.facebook.com\/groups\/gruvinformation\/\" class=\"wp-block-social-link-anchor\"><svg width=\"24\" height=\"24\" viewBox=\"0 0 24 24\" version=\"1.1\" xmlns=\"http:\/\/www.w3.org\/2000\/svg\" aria-hidden=\"true\" focusable=\"false\"><path d=\"M12 2C6.5 2 2 6.5 2 12c0 5 3.7 9.1 8.4 9.9v-7H7.9V12h2.5V9.8c0-2.5 1.5-3.9 3.8-3.9 1.1 0 2.2.2 2.2.2v2.5h-1.3c-1.2 0-1.6.8-1.6 1.6V12h2.8l-.4 2.9h-2.3v7C18.3 21.1 22 17 22 12c0-5.5-4.5-10-10-10z\"><\/path><\/svg><span class=\"wp-block-social-link-label screen-reader-text\">Facebook<\/span><\/a><\/li>\n\n<li class=\"wp-social-link wp-social-link-instagram  wp-block-social-link\"><a href=\"https:\/\/www.instagram.com\/framtid_utan_gruva_nunasvaara?utm_source=ig_web_button_share_sheet&#038;igsh=ZDNlZDc0MzIxNw==\" class=\"wp-block-social-link-anchor\"><svg width=\"24\" height=\"24\" viewBox=\"0 0 24 24\" version=\"1.1\" xmlns=\"http:\/\/www.w3.org\/2000\/svg\" aria-hidden=\"true\" focusable=\"false\"><path d=\"M12,4.622c2.403,0,2.688,0.009,3.637,0.052c0.877,0.04,1.354,0.187,1.671,0.31c0.42,0.163,0.72,0.358,1.035,0.673 c0.315,0.315,0.51,0.615,0.673,1.035c0.123,0.317,0.27,0.794,0.31,1.671c0.043,0.949,0.052,1.234,0.052,3.637 s-0.009,2.688-0.052,3.637c-0.04,0.877-0.187,1.354-0.31,1.671c-0.163,0.42-0.358,0.72-0.673,1.035 c-0.315,0.315-0.615,0.51-1.035,0.673c-0.317,0.123-0.794,0.27-1.671,0.31c-0.949,0.043-1.233,0.052-3.637,0.052 s-2.688-0.009-3.637-0.052c-0.877-0.04-1.354-0.187-1.671-0.31c-0.42-0.163-0.72-0.358-1.035-0.673 c-0.315-0.315-0.51-0.615-0.673-1.035c-0.123-0.317-0.27-0.794-0.31-1.671C4.631,14.688,4.622,14.403,4.622,12 s0.009-2.688,0.052-3.637c0.04-0.877,0.187-1.354,0.31-1.671c0.163-0.42,0.358-0.72,0.673-1.035 c0.315-0.315,0.615-0.51,1.035-0.673c0.317-0.123,0.794-0.27,1.671-0.31C9.312,4.631,9.597,4.622,12,4.622 M12,3 C9.556,3,9.249,3.01,8.289,3.054C7.331,3.098,6.677,3.25,6.105,3.472C5.513,3.702,5.011,4.01,4.511,4.511 c-0.5,0.5-0.808,1.002-1.038,1.594C3.25,6.677,3.098,7.331,3.054,8.289C3.01,9.249,3,9.556,3,12c0,2.444,0.01,2.751,0.054,3.711 c0.044,0.958,0.196,1.612,0.418,2.185c0.23,0.592,0.538,1.094,1.038,1.594c0.5,0.5,1.002,0.808,1.594,1.038 c0.572,0.222,1.227,0.375,2.185,0.418C9.249,20.99,9.556,21,12,21s2.751-0.01,3.711-0.054c0.958-0.044,1.612-0.196,2.185-0.418 c0.592-0.23,1.094-0.538,1.594-1.038c0.5-0.5,0.808-1.002,1.038-1.594c0.222-0.572,0.375-1.227,0.418-2.185 C20.99,14.751,21,14.444,21,12s-0.01-2.751-0.054-3.711c-0.044-0.958-0.196-1.612-0.418-2.185c-0.23-0.592-0.538-1.094-1.038-1.594 c-0.5-0.5-1.002-0.808-1.594-1.038c-0.572-0.222-1.227-0.375-2.185-0.418C14.751,3.01,14.444,3,12,3L12,3z M12,7.378 c-2.552,0-4.622,2.069-4.622,4.622S9.448,16.622,12,16.622s4.622-2.069,4.622-4.622S14.552,7.378,12,7.378z M12,15 c-1.657,0-3-1.343-3-3s1.343-3,3-3s3,1.343,3,3S13.657,15,12,15z M16.804,6.116c-0.596,0-1.08,0.484-1.08,1.08 s0.484,1.08,1.08,1.08c0.596,0,1.08-0.484,1.08-1.08S17.401,6.116,16.804,6.116z\"><\/path><\/svg><span class=\"wp-block-social-link-label screen-reader-text\">Instagram<\/span><\/a><\/li><\/ul>\n<\/div>\n\n\n\n<div class=\"wp-block-group alignfull has-global-padding is-layout-constrained wp-block-group-is-layout-constrained\">\n<div class=\"wp-block-group is-layout-flow wp-block-group-is-layout-flow\">\n<div style=\"height:0px\" aria-hidden=\"true\" class=\"wp-block-spacer\"><\/div>\n\n\n\n<div style=\"height:52px\" aria-hidden=\"true\" class=\"wp-block-spacer\"><\/div>\n<\/div>\n<\/div>\n\n\n\n<div class=\"wp-block-group has-global-padding is-layout-constrained wp-block-group-is-layout-constrained\">\n<div style=\"height:33px\" aria-hidden=\"true\" class=\"wp-block-spacer\"><\/div>\n\n\n\n<div class=\"wp-block-columns are-vertically-aligned-center is-layout-flex wp-container-core-columns-is-layout-4ed999c3 wp-block-columns-is-layout-flex\" style=\"padding-top:var(--wp--preset--spacing--60);padding-bottom:var(--wp--preset--spacing--60);padding-left:0\">\n<div class=\"wp-block-column is-vertically-aligned-center is-layout-flow wp-block-column-is-layout-flow\" style=\"flex-basis:33.33%\">\n<div class=\"wp-block-buttons is-content-justification-right is-layout-flex wp-container-core-buttons-is-layout-d445cf74 wp-block-buttons-is-layout-flex\"><\/div>\n<\/div>\n<\/div>\n\n\n\n<div style=\"height:45px\" aria-hidden=\"true\" class=\"wp-block-spacer\"><\/div>\n<\/div>\n\n\n\n<p><\/p>\n","protected":false},"excerpt":{"rendered":"<p>Press &#8211; Media gruvinformation@gmail.com Ulrik Lidstr\u00f6m Tel. +46 70-679 73 50 P\u00e4ivi Juuso Tel. +46 70-539 82 87 Hanna R\u00e5man Tel. +46 70-331 22 34 Urpo Taskinen Tel. +46 70-629 58 02 Ber\u00f6rda samebyar TalmaNils Joh\u00e1nas AllasOrdf\u00f6randeinfo@talma.nu SaarivuomaNils Ola SikkuOrdf\u00f6randeTel. +46 73- 807 12 57nosikku@gmail.com GabnaKarin K NiiaRen\u00e4gare och ledamot i Gabna Samebys styrelseTel. +46 &hellip; <\/p>\n<p class=\"link-more\"><a href=\"https:\/\/www.nunasvaara.se\/index.php\/contact\/\" class=\"more-link\">L\u00e4s mer<span class=\"screen-reader-text\"> \u201dKontaktuppgifter\u201d<\/span><\/a><\/p>\n","protected":false},"author":2,"featured_media":0,"parent":0,"menu_order":0,"comment_status":"closed","ping_status":"closed","template":"page-templates\/no-title.php","meta":{"footnotes":""},"class_list":["post-628","page","type-page","status-publish","hentry"],"_links":{"self":[{"href":"https:\/\/www.nunasvaara.se\/index.php\/wp-json\/wp\/v2\/pages\/628","targetHints":{"allow":["GET"]}}],"collection":[{"href":"https:\/\/www.nunasvaara.se\/index.php\/wp-json\/wp\/v2\/pages"}],"about":[{"href":"https:\/\/www.nunasvaara.se\/index.php\/wp-json\/wp\/v2\/types\/page"}],"author":[{"embeddable":true,"href":"https:\/\/www.nunasvaara.se\/index.php\/wp-json\/wp\/v2\/users\/2"}],"replies":[{"embeddable":true,"href":"https:\/\/www.nunasvaara.se\/index.php\/wp-json\/wp\/v2\/comments?post=628"}],"version-history":[{"count":26,"href":"https:\/\/www.nunasvaara.se\/index.php\/wp-json\/wp\/v2\/pages\/628\/revisions"}],"predecessor-version":[{"id":7979,"href":"https:\/\/www.nunasvaara.se\/index.php\/wp-json\/wp\/v2\/pages\/628\/revisions\/7979"}],"wp:attachment":[{"href":"https:\/\/www.nunasvaara.se\/index.php\/wp-json\/wp\/v2\/media?parent=628"}],"curies":[{"name":"wp","href":"https:\/\/api.w.org\/{rel}","templated":true}]}}