{"id":6922,"date":"2023-11-19T10:39:22","date_gmt":"2023-11-19T10:39:22","guid":{"rendered":"https:\/\/demo.wpzoom.com\/inspiro-lite-blocks-xml\/?page_id=6922"},"modified":"2026-04-25T14:21:18","modified_gmt":"2026-04-25T12:21:18","slug":"homepage","status":"publish","type":"page","link":"https:\/\/www.nunasvaara.se\/","title":{"rendered":"Homepage"},"content":{"rendered":"\n<div class=\"wp-block-cover alignfull is-light\" style=\"min-height:100vh;aspect-ratio:unset;\"><img loading=\"lazy\" decoding=\"async\" width=\"1536\" height=\"1024\" class=\"wp-block-cover__image-background wp-image-7236\" alt=\"\" src=\"https:\/\/www.nunasvaara.se\/wp-content\/uploads\/2025\/04\/Tornealven-3.jpeg\" data-object-fit=\"cover\" srcset=\"https:\/\/www.nunasvaara.se\/wp-content\/uploads\/2025\/04\/Tornealven-3.jpeg 1536w, https:\/\/www.nunasvaara.se\/wp-content\/uploads\/2025\/04\/Tornealven-3-300x200.jpeg 300w, https:\/\/www.nunasvaara.se\/wp-content\/uploads\/2025\/04\/Tornealven-3-1024x683.jpeg 1024w\" sizes=\"auto, (max-width: 1536px) 100vw, 1536px\" \/><span aria-hidden=\"true\" class=\"wp-block-cover__background has-background-dim-30 has-background-dim\" style=\"background-color:#9f908f\"><\/span><div class=\"wp-block-cover__inner-container has-global-padding is-layout-constrained wp-block-cover-is-layout-constrained\">\n<p><\/p>\n\n\n\n<h1 class=\"wp-block-heading has-text-align-center has-white-color has-text-color has-max-72-font-size\"><strong>Nunasvaara<\/strong> &#8211; Njunisv\u00e1rri<\/h1>\n\n\n\n<hr class=\"wp-block-separator has-text-color has-alpha-channel-opacity has-background is-style-default\" style=\"margin-top:var(--wp--preset--spacing--x-small);margin-bottom:var(--wp--preset--spacing--x-small);background-color:#ffffff47;color:#ffffff47\"\/>\n\n\n\n<div style=\"height:25px\" aria-hidden=\"true\" class=\"wp-block-spacer\"><\/div>\n\n\n\n<p class=\"has-text-align-center has-white-color has-text-color has-medium-font-size\">En plats att skydda &#8211; En natur att bevara<\/p>\n\n\n\n<div class=\"wp-block-buttons is-content-justification-center is-layout-flex wp-container-core-buttons-is-layout-a89b3969 wp-block-buttons-is-layout-flex\">\n<div class=\"wp-block-button is-style-outline is-style-outline--1\"><a class=\"wp-block-button__link has-white-color has-text-color wp-element-button\" href=\"https:\/\/www.nunasvaara.se\/index.php\/blog\/\" style=\"border-radius:0px;font-style:normal;font-weight:600\">L\u00e4s mer<\/a><\/div>\n<\/div>\n\n\n\n<div class=\"wp-block-columns is-layout-flex wp-container-core-columns-is-layout-28f84493 wp-block-columns-is-layout-flex\">\n<div class=\"wp-block-column is-layout-flow wp-block-column-is-layout-flow\">\n<p class=\"has-text-align-center has-white-color has-text-color has-link-color has-large-font-size wp-elements-91e429e9334e5ff7f14f42c367eea41a\"><strong>MANIFESTATION MOT GRUVORNA I NUNASVAARA<\/strong><\/p>\n\n\n\n<p class=\"has-text-align-center has-white-color has-text-color has-link-color wp-elements-36cbf586665dfce40250b8cb04293dc1\" style=\"font-size:clamp(20px, 1.25rem + ((1vw - 3.2px) * 1.25), 32px);\"><strong>L\u00d6RDAGEN DEN 30 MAJ I VITTANGI<\/strong><\/p>\n\n\n\n<p class=\"has-text-align-center has-white-color has-text-color has-link-color wp-elements-4f147a9155e61f0fada87fc3a370aed7\" style=\"font-size:clamp(14px, 0.875rem + ((1vw - 3.2px) * 0.208), 16px);\">Mer information under fliken AKTUELLT<\/p>\n\n\n\n<div class=\"wp-block-columns is-layout-flex wp-container-core-columns-is-layout-28f84493 wp-block-columns-is-layout-flex\">\n<div class=\"wp-block-column is-layout-flow wp-block-column-is-layout-flow\">\n<p class=\"has-white-color has-text-color has-link-color has-medium-font-size wp-elements-dc1b18b0da8f6d7daa5d37b79a36dc01\"><\/p>\n<\/div>\n\n\n\n<div class=\"wp-block-column is-layout-flow wp-block-column-is-layout-flow\"><\/div>\n\n\n\n<div class=\"wp-block-column is-layout-flow wp-block-column-is-layout-flow\"><\/div>\n<\/div>\n<\/div>\n<\/div>\n<\/div><\/div>\n\n\n\n<div class=\"wp-block-group has-global-padding is-layout-constrained wp-container-core-group-is-layout-3a820303 wp-block-group-is-layout-constrained\" style=\"padding-right:var(--wp--preset--spacing--small);padding-left:var(--wp--preset--spacing--small)\">\n<div style=\"height:36px\" aria-hidden=\"true\" class=\"wp-block-spacer\"><\/div>\n\n\n\n<h2 class=\"wp-block-heading has-text-align-center has-medium-font-size\" style=\"letter-spacing:1px\">Om oss<\/h2>\n\n\n\n<p class=\"has-text-align-center\"><\/p>\n\n\n\n<p><em>Vi <\/em><em>\u00e4<\/em><em>r rensk<\/em><em>\u00f6<\/em><em>tare, j<\/em><em>\u00e4<\/em><em>gare, <\/em><em>fiskare, svamp- och <\/em><em>b<\/em><em>\u00e4<\/em><em>rplockare <\/em><em>och naturv<\/em><em>\u00e4<\/em><em>nner <\/em><em>som k<\/em><em>\u00e4<\/em><em>mpar f<\/em><em>\u00f6<\/em><em>r att skydda v<\/em><em>\u00e5<\/em><em>ra <\/em><em>\u00e4<\/em><em>lvar<\/em><em>,<\/em><em> marker<\/em><em>, flora och fauna<\/em><em> fr<\/em><em>\u00e5<\/em><em>n en f<\/em><em>\u00f6<\/em><em>r<\/em><em>\u00f6<\/em><em>dande grafitgruva.<\/em><\/p>\n\n\n\n<p><strong>V<\/strong><strong>\u00e5<\/strong><strong>r m<\/strong><strong>\u00e5<\/strong><strong>ls<\/strong><strong>\u00e4<\/strong><strong>ttning<\/strong> <strong>\u00e4<\/strong><strong>r att s<\/strong><strong>\u00e4<\/strong><strong>tta stopp f<\/strong><strong>\u00f6<\/strong><strong>r den planerade kolgruvan (grafit) p<\/strong><strong>\u00e5 <\/strong><strong>berget Nunasvaara.<\/strong><\/p>\n\n\n\n<p><strong>Vi vill<\/strong> ha tillg\u00e5ng till v\u00e5ra renars betesmarker och flyttv\u00e4gar, kunna plocka svamp- och b\u00e4r som inte \u00e4r nedsmutsade av f\u00f6roreningar fr\u00e5n gruvdriften, ha m\u00f6jlighet att fortsatt bedriva jakt p\u00e5 vilt i omr\u00e5det, fortsatt ha fiskrika vatten f\u00f6r att kunna bedriva fiske och vi vill kunna njuta av tystnaden under v\u00e5ra vandringar i de gamla skogarna, titta p\u00e5 f\u00e5glar, v\u00e4xter, bj\u00f6rnar, ormar och andra arter i omr\u00e5det utan att st\u00f6ras av spr\u00e4ngningar, trafik och andra st\u00f6rande ljud.<\/p>\n\n\n\n<p class=\"has-text-align-center\"><strong>Och<\/strong> <strong>vi vill alla dricka rent vatten!<\/strong><\/p>\n\n\n\n<div class=\"wp-block-buttons is-horizontal is-content-justification-center is-layout-flex wp-container-core-buttons-is-layout-03627597 wp-block-buttons-is-layout-flex\">\n<div class=\"wp-block-button is-style-outline is-style-outline--2\"><a class=\"wp-block-button__link has-small-font-size has-custom-font-size wp-element-button\" href=\"https:\/\/www.nunasvaara.se\/index.php\/about\/\" style=\"border-radius:0px;font-style:normal;font-weight:600\">Om oss<\/a><\/div>\n<\/div>\n\n\n\n<div style=\"height:57px\" aria-hidden=\"true\" class=\"wp-block-spacer\"><\/div>\n<\/div>\n\n\n\n<figure class=\"wp-block-image aligncenter size-large is-resized\"><img loading=\"lazy\" decoding=\"async\" width=\"724\" height=\"1024\" src=\"https:\/\/www.nunasvaara.se\/wp-content\/uploads\/2026\/04\/radda-alvarna_1-724x1024.png\" alt=\"\" class=\"wp-image-8526\" style=\"aspect-ratio:0.7067302103917238;width:573px;height:auto\" srcset=\"https:\/\/www.nunasvaara.se\/wp-content\/uploads\/2026\/04\/radda-alvarna_1-724x1024.png 724w, https:\/\/www.nunasvaara.se\/wp-content\/uploads\/2026\/04\/radda-alvarna_1-212x300.png 212w, https:\/\/www.nunasvaara.se\/wp-content\/uploads\/2026\/04\/radda-alvarna_1-2000x2830.png 2000w, https:\/\/www.nunasvaara.se\/wp-content\/uploads\/2026\/04\/radda-alvarna_1-scaled.png 1809w\" sizes=\"auto, (max-width: 724px) 100vw, 724px\" \/><\/figure>\n\n\n\n<div class=\"wp-block-group alignfull pattern_multiple_covers has-background-background-color has-background has-global-padding is-layout-constrained wp-block-group-is-layout-constrained\" id=\"services\">\n<p class=\"has-text-align-left has-secondary-color has-text-color\" style=\"letter-spacing:1px\"><\/p>\n\n\n\n<h2 class=\"wp-block-heading has-text-align-left\">Den sista tystnaden<\/h2>\n\n\n\n<p class=\"has-text-align-left\"><br>N\u00e4r jag t\u00e4nker p\u00e5 vad en gruva utanf\u00f6r Vittangi skulle betyda f\u00f6r mig s\u00e5 handlar det i nul\u00e4get mycket om f\u00f6rlusten av tystnaden. Och hur min jakthund skulle reagera p\u00e5 nya ljud i samband med spr\u00e4ngningar och muller vid en exploatering av Nunasvaara, som ligger s\u00e5 n\u00e4ra v\u00e5ra jaktmarker.<br>Dessa ljud skulle vara h\u00f6rbara m\u00e5nga mil \u00e5t alla h\u00e5ll och m\u00e5nga djur oroas och uppfattar s\u00e5dant som \u00e5ska och fara f\u00f6r brand i skogen. De lever naturligt i en i \u00f6vrigt tyst naturmilj\u00f6 och \u00e4r psykiskt stabila f\u00f6r allt utom detta med \u00e5ska.<br>Min hund \u00e4r en Norrbottenspets och han slutar helt fungera i jakten under de dagar p\u00e5 f\u00f6rh\u00f6sten d\u00e5 \u00e5skan g\u00e5r. M\u00e5nga nordliga ursprungliga spetsar \u00e4r p\u00e5 samma s\u00e4tt och kan \u00e4ven ha sv\u00e5rt f\u00f6r r\u00f6ken fr\u00e5n t ex kaffeelden. R\u00e4dslan f\u00f6r elden \u00e4r djupt ned\u00e4rvd hos dessa taigans djur och dom vet vad den kan betyda.<br>Jag har haft flera Norrbottenspetsar och bott p\u00e5 ett flertal st\u00e4llen i V\u00e4sterbottens och Norrbottens inland d\u00e4r olika former av exploatering p\u00e5g\u00e5tt. Det har ofta inneburit dessa \u00e5skliknande ljud som hundarna alltid uppfattat som hotfullt, och vi har tillsammans f\u00e5tt acceptera att v\u00e5r tillvaro s\u00e5 ofta har \u00e4ndrats.<br>Endast p\u00e5 en plats \u00e4r det fortfarande s\u00e5 gott som tyst och det \u00e4r h\u00e4r allra l\u00e4ngst i norr. Strax ovanf\u00f6r Vittangi finns Europas sista vildmark med vidstr\u00e4ckta barrskogar och fj\u00e4llomr\u00e5den. H\u00e4r rinner ocks\u00e5 Sveriges kvarvarande ej utbyggda vattendrag, Kaitum, Kalix, Torne, Vittangi och Lainio \u00e4lvar med framtidens livsviktiga dricksvattenreserver.<br>I skogsdelen av Kiruna, G\u00e4llivare och Pajala kommuner \u00e4r i princip alla naturskogar avverkade av storskogsbruk och det \u00e4r endast i fj\u00e4lln\u00e4ra naturreservat som riktig urskog finns kvar. Ett s\u00e5dant reservat, \u201dTornetr\u00e4sk-Soppero naturreservat\u201d med 3371 km2 fj\u00e4llurskog och l\u00e5gfj\u00e4ll, ligger norr om Torne\u00e4lven och Vittangi\u00e4lven. Reservatet gr\u00e4nsar i s\u00f6der till Nunasvaaraomr\u00e5det och de \u00f6vriga platserna d\u00e4r gruvprospektering p\u00e5g\u00e5r. Detta \u00e4r Sveriges n\u00e4st st\u00f6rsta naturreservat, lika stort som landskapet Blekinge.<br>H\u00e4r h\u00e4rskar fortfarande tystnaden och det \u00e4r \u00e4n s\u00e5 l\u00e4nge den naturliga \u00e5skan som rullar \u00f6ver bergen. I dagar kan man vistas ost\u00f6rt i en n\u00e4stan v\u00e4gl\u00f6s ursprunglig milj\u00f6 som blivit mycket s\u00e4llsynt och exklusiv.<br>Detta \u00e4r den absolut sista tystnaden i barrskogarna nedanf\u00f6r fj\u00e4llen och nu planeras det gruvor \u00e4ven h\u00e4r, med allt som f\u00f6ljer med dessa.<br>De senaste somrarna och h\u00f6starna har minerals\u00f6kningsflygplan kryssat \u00f6ver hela omr\u00e5det p\u00e5 l\u00e5g h\u00f6jd och rutat in kilometer f\u00f6r kilometer. N\u00e5gon betalar f\u00f6r detta och r\u00e4knar med att f\u00e5 tillbaka sina investeringar, medan kolonialstaten Sverige \u00e4r tillbaka i de gamla g\u00e4ngorna och ger tillst\u00e5nd.<br>M\u00e5ste verkligen exploateringarna g\u00f6ras h\u00e4r i den sista tystnadens skogar? Beh\u00f6ver m\u00e4nniskan i jakten p\u00e5 l\u00f6nsamhet och utveckling s\u00e4tta sina sp\u00e5r h\u00e4r f\u00f6r all framtid? Hur \u00e4n tiderna verkar se ut s\u00e5 m\u00e5ste det nu s\u00e4ttas en gr\u00e4ns f\u00f6r det behovet.<br>Det sista tysta barrskogsomr\u00e5det m\u00e5ste skyddas inf\u00f6r framtiden mot exploatering s\u00e5 att vi kan f\u00e5 forts\u00e4tta uppleva hur det l\u00e5ter!<\/p>\n\n\n\n<p class=\"has-text-align-left\"><br>Olle Thoors, f\u00e5gelj\u00e4gare och tystnads\u00e4lskare<\/p>\n\n\n\n<div style=\"height:46px\" aria-hidden=\"true\" class=\"wp-block-spacer\"><\/div>\n\n\n\n<div class=\"wp-block-columns is-layout-flex wp-container-core-columns-is-layout-28f84493 wp-block-columns-is-layout-flex\">\n<div class=\"wp-block-column is-layout-flow wp-block-column-is-layout-flow\" style=\"padding-top:0;padding-right:0;padding-bottom:0;padding-left:0\">\n<figure class=\"wp-block-image aligncenter size-large is-resized\"><img loading=\"lazy\" decoding=\"async\" width=\"724\" height=\"1024\" src=\"https:\/\/www.nunasvaara.se\/wp-content\/uploads\/2026\/04\/SKOGEN-SKA-LEVA_1-1-724x1024.png\" alt=\"\" class=\"wp-image-8528\" style=\"aspect-ratio:0.7067302103917238;width:631px;height:auto\" srcset=\"https:\/\/www.nunasvaara.se\/wp-content\/uploads\/2026\/04\/SKOGEN-SKA-LEVA_1-1-724x1024.png 724w, https:\/\/www.nunasvaara.se\/wp-content\/uploads\/2026\/04\/SKOGEN-SKA-LEVA_1-1-212x300.png 212w, https:\/\/www.nunasvaara.se\/wp-content\/uploads\/2026\/04\/SKOGEN-SKA-LEVA_1-1-2000x2830.png 2000w, https:\/\/www.nunasvaara.se\/wp-content\/uploads\/2026\/04\/SKOGEN-SKA-LEVA_1-1-scaled.png 1809w\" sizes=\"auto, (max-width: 724px) 100vw, 724px\" \/><\/figure>\n<\/div>\n<\/div>\n<\/div>\n\n\n\n<div class=\"wp-block-group alignfull has-background has-global-padding is-layout-constrained wp-block-group-is-layout-constrained\" style=\"background-color:#e5e9ec;padding-top:var(--wp--preset--spacing--small);padding-bottom:var(--wp--preset--spacing--small)\">\n<div class=\"wp-block-columns is-layout-flex wp-container-core-columns-is-layout-7db7aa3e wp-block-columns-is-layout-flex\" style=\"padding-right:0;padding-left:0\">\n<div class=\"wp-block-column is-vertically-aligned-center is-layout-flow wp-block-column-is-layout-flow\">\n<h2 class=\"wp-block-heading has-medium-font-size\" style=\"text-transform:uppercase\">Samarbeten<\/h2>\n\n\n\n<p><mark style=\"background-color:rgba(0, 0, 0, 0)\" class=\"has-inline-color has-secondary-color\"><strong>Ett stort tack till f\u00f6ljande F\u00f6retag, partier och organisationer f\u00f6r ert st\u00f6d; b\u00e5de ekonomiskt och ideellt. <\/strong><\/mark><\/p>\n\n\n\n<div class=\"wp-block-columns is-layout-flex wp-container-core-columns-is-layout-28f84493 wp-block-columns-is-layout-flex\">\n<div class=\"wp-block-column is-layout-flow wp-block-column-is-layout-flow\">\n<div style=\"height:64px\" aria-hidden=\"true\" class=\"wp-block-spacer\"><\/div>\n\n\n\n<p><strong>Reklam och Grafiska i Kiruna AB<\/strong><\/p>\n<\/div>\n\n\n\n<div class=\"wp-block-column is-layout-flow wp-block-column-is-layout-flow\">\n<figure class=\"wp-block-image size-full\"><img loading=\"lazy\" decoding=\"async\" width=\"130\" height=\"130\" src=\"https:\/\/www.nunasvaara.se\/wp-content\/uploads\/2026\/01\/image-14.png\" alt=\"\" class=\"wp-image-8230\"\/><\/figure>\n<\/div>\n<\/div>\n\n\n\n<p><strong><br>S\u00e1melisttu<br>Feministiskt initiativ Kiruna<br>V\u00e4nsterpartiet Kiruna<\/strong><\/p>\n\n\n\n<figure class=\"wp-block-image size-large is-resized\"><img loading=\"lazy\" decoding=\"async\" width=\"1024\" height=\"245\" src=\"https:\/\/www.nunasvaara.se\/wp-content\/uploads\/2025\/11\/image-16-1024x245.png\" alt=\"\" class=\"wp-image-7975\" style=\"aspect-ratio:4.180026125163282;width:257px;height:auto\" srcset=\"https:\/\/www.nunasvaara.se\/wp-content\/uploads\/2025\/11\/image-16-1024x245.png 1024w, https:\/\/www.nunasvaara.se\/wp-content\/uploads\/2025\/11\/image-16-300x72.png 300w, https:\/\/www.nunasvaara.se\/wp-content\/uploads\/2025\/11\/image-16-2000x479.png 2000w\" sizes=\"auto, (max-width: 1024px) 100vw, 1024px\" \/><\/figure>\n\n\n\n<figure class=\"wp-block-image size-full is-resized\"><img loading=\"lazy\" decoding=\"async\" width=\"275\" height=\"183\" src=\"https:\/\/www.nunasvaara.se\/wp-content\/uploads\/2026\/01\/image-7.png\" alt=\"\" class=\"wp-image-8221\" style=\"aspect-ratio:1.502860558449321;width:188px;height:auto\"\/><\/figure>\n\n\n\n<figure class=\"wp-block-image size-full is-resized\"><img loading=\"lazy\" decoding=\"async\" width=\"225\" height=\"225\" src=\"https:\/\/www.nunasvaara.se\/wp-content\/uploads\/2026\/01\/image-8.png\" alt=\"\" class=\"wp-image-8222\" style=\"width:189px;height:auto\" srcset=\"https:\/\/www.nunasvaara.se\/wp-content\/uploads\/2026\/01\/image-8.png 225w, https:\/\/www.nunasvaara.se\/wp-content\/uploads\/2026\/01\/image-8-150x150.png 150w\" sizes=\"auto, (max-width: 225px) 100vw, 225px\" \/><\/figure>\n\n\n\n<figure class=\"wp-block-image size-large is-resized\"><img loading=\"lazy\" decoding=\"async\" width=\"1024\" height=\"245\" src=\"https:\/\/www.nunasvaara.se\/wp-content\/uploads\/2026\/02\/image-18-1024x245.png\" alt=\"\" class=\"wp-image-8427\" style=\"aspect-ratio:4.180026125163282;width:252px;height:auto\" srcset=\"https:\/\/www.nunasvaara.se\/wp-content\/uploads\/2026\/02\/image-18-1024x245.png 1024w, https:\/\/www.nunasvaara.se\/wp-content\/uploads\/2026\/02\/image-18-300x72.png 300w, https:\/\/www.nunasvaara.se\/wp-content\/uploads\/2026\/02\/image-18-2000x479.png 2000w\" sizes=\"auto, (max-width: 1024px) 100vw, 1024px\" \/><\/figure>\n\n\n\n<p><\/p>\n\n\n\n<p><\/p>\n<\/div>\n\n\n\n<div class=\"wp-block-column is-layout-flow wp-block-column-is-layout-flow\">\n<figure class=\"wp-block-image size-large\"><img loading=\"lazy\" decoding=\"async\" width=\"768\" height=\"1024\" src=\"https:\/\/www.nunasvaara.se\/wp-content\/uploads\/2025\/04\/IMG_0426-768x1024.jpg\" alt=\"\" class=\"wp-image-7243\" srcset=\"https:\/\/www.nunasvaara.se\/wp-content\/uploads\/2025\/04\/IMG_0426-768x1024.jpg 768w, https:\/\/www.nunasvaara.se\/wp-content\/uploads\/2025\/04\/IMG_0426-225x300.jpg 225w, https:\/\/www.nunasvaara.se\/wp-content\/uploads\/2025\/04\/IMG_0426-2000x2667.jpg 2000w, https:\/\/www.nunasvaara.se\/wp-content\/uploads\/2025\/04\/IMG_0426-scaled.jpg 1920w\" sizes=\"auto, (max-width: 768px) 100vw, 768px\" \/><\/figure>\n<\/div>\n<\/div>\n<\/div>\n\n\n\n<p>&#8221;\/&#8221;<\/p>\n\n\n\n<div class=\"wp-block-columns is-layout-flex wp-container-core-columns-is-layout-28f84493 wp-block-columns-is-layout-flex\">\n<div class=\"wp-block-column is-layout-flow wp-block-column-is-layout-flow\">\n<figure class=\"wp-block-image aligncenter size-large is-resized\"><img loading=\"lazy\" decoding=\"async\" width=\"724\" height=\"1024\" src=\"https:\/\/www.nunasvaara.se\/wp-content\/uploads\/2026\/04\/NATUREN-RADDAR-OSS_1-724x1024.png\" alt=\"\" class=\"wp-image-8529\" style=\"aspect-ratio:0.7067302103917238;width:716px;height:auto\" srcset=\"https:\/\/www.nunasvaara.se\/wp-content\/uploads\/2026\/04\/NATUREN-RADDAR-OSS_1-724x1024.png 724w, https:\/\/www.nunasvaara.se\/wp-content\/uploads\/2026\/04\/NATUREN-RADDAR-OSS_1-212x300.png 212w, https:\/\/www.nunasvaara.se\/wp-content\/uploads\/2026\/04\/NATUREN-RADDAR-OSS_1-2000x2830.png 2000w, https:\/\/www.nunasvaara.se\/wp-content\/uploads\/2026\/04\/NATUREN-RADDAR-OSS_1-scaled.png 1809w\" sizes=\"auto, (max-width: 724px) 100vw, 724px\" \/><\/figure>\n<\/div>\n<\/div>\n\n\n\n<div id=\"partners\" class=\"wp-block-group has-global-padding is-content-justification-center is-layout-constrained wp-container-core-group-is-layout-13013c98 wp-block-group-is-layout-constrained\" style=\"padding-right:var(--wp--preset--spacing--small);padding-left:var(--wp--preset--spacing--small)\">\n<div style=\"height:100px\" aria-hidden=\"true\" class=\"wp-block-spacer\"><\/div>\n<\/div>\n\n\n\n<div id=\"team\" class=\"wp-block-group has-global-padding is-layout-constrained wp-container-core-group-is-layout-3a820303 wp-block-group-is-layout-constrained\" style=\"padding-right:var(--wp--preset--spacing--small);padding-left:var(--wp--preset--spacing--small)\">\n<div class=\"wp-block-group is-layout-flow wp-block-group-is-layout-flow\">\n<div style=\"height:0px\" aria-hidden=\"true\" class=\"wp-block-spacer\"><\/div>\n<\/div>\n<\/div>\n\n\n\n<div class=\"wp-block-cover alignfull has-parallax is-position-center-center\" style=\"border-radius:0px\"><div class=\"wp-block-cover__image-background wp-image-6946 has-parallax\" style=\"background-position:50% 50%;background-image:url(https:\/\/www.nunasvaara.se\/wp-content\/uploads\/2025\/03\/pexels-kamil-3609723-5465012-scaled.jpg)\"><\/div><span aria-hidden=\"true\" class=\"wp-block-cover__background has-black-background-color has-background-dim-40 has-background-dim\"><\/span><div class=\"wp-block-cover__inner-container is-layout-flow wp-block-cover-is-layout-flow\">\n<div class=\"wp-block-group has-global-padding is-layout-constrained wp-block-group-is-layout-constrained\">\n<h3 class=\"wp-block-heading has-text-align-center has-text-color has-medium-font-size\" style=\"color:#fffffa;text-transform:uppercase\">vill du komma i kontakt med oss<\/h3>\n\n\n\n<div style=\"height:32px\" aria-hidden=\"true\" class=\"wp-block-spacer\"><\/div>\n\n\n\n<p class=\"has-text-align-center has-white-color has-text-color\">Vi \u00e4r en m\u00e5ngsidig grupp med olika intresseomr\u00e5den men med samma m\u00e5l om en ren natur. Vi \u00e4r ideella, samebyar, f\u00f6retag och organisationer.<\/p>\n\n\n\n<div style=\"height:31px\" aria-hidden=\"true\" class=\"wp-block-spacer\"><\/div>\n\n\n\n<div class=\"wp-block-buttons is-horizontal is-content-justification-center is-layout-flex wp-container-core-buttons-is-layout-03627597 wp-block-buttons-is-layout-flex\">\n<div class=\"wp-block-button is-style-outline is-style-outline--3\"><a class=\"wp-block-button__link has-white-color has-text-color wp-element-button\" href=\"https:\/\/www.nunasvaara.se\/index.php\/contact\/\" style=\"border-radius:0px;font-style:normal;font-weight:600\">Kontakta oss<\/a><\/div>\n<\/div>\n<\/div>\n<\/div><\/div>\n\n\n\n<p>&#8221;\/&#8221;<\/p>\n\n\n\n<div class=\"wp-block-columns is-layout-flex wp-container-core-columns-is-layout-28f84493 wp-block-columns-is-layout-flex\">\n<div class=\"wp-block-column is-layout-flow wp-block-column-is-layout-flow\">\n<figure class=\"wp-block-image aligncenter size-large is-resized\"><img loading=\"lazy\" decoding=\"async\" width=\"724\" height=\"1024\" src=\"https:\/\/www.nunasvaara.se\/wp-content\/uploads\/2026\/04\/REN-NATUR_1-724x1024.png\" alt=\"\" class=\"wp-image-8530\" style=\"aspect-ratio:0.7067302103917238;width:714px;height:auto\" srcset=\"https:\/\/www.nunasvaara.se\/wp-content\/uploads\/2026\/04\/REN-NATUR_1-724x1024.png 724w, https:\/\/www.nunasvaara.se\/wp-content\/uploads\/2026\/04\/REN-NATUR_1-212x300.png 212w, https:\/\/www.nunasvaara.se\/wp-content\/uploads\/2026\/04\/REN-NATUR_1-2000x2830.png 2000w, https:\/\/www.nunasvaara.se\/wp-content\/uploads\/2026\/04\/REN-NATUR_1-scaled.png 1809w\" sizes=\"auto, (max-width: 724px) 100vw, 724px\" \/><\/figure>\n<\/div>\n<\/div>\n\n\n\n<div id=\"news\" class=\"wp-block-group has-global-padding is-layout-constrained wp-container-core-group-is-layout-3a820303 wp-block-group-is-layout-constrained\" style=\"padding-right:var(--wp--preset--spacing--small);padding-left:var(--wp--preset--spacing--small)\">\n<div style=\"height:33px\" aria-hidden=\"true\" class=\"wp-block-spacer\"><\/div>\n\n\n\n<div class=\"wp-block-query is-layout-flow wp-block-query-is-layout-flow\"><\/div>\n\n\n\n<div style=\"height:85px\" aria-hidden=\"true\" class=\"wp-block-spacer\"><\/div>\n<\/div>\n\n\n\n<p><\/p>\n","protected":false},"excerpt":{"rendered":"<p>Om oss Vi \u00e4r rensk\u00f6tare, j\u00e4gare, fiskare, svamp- och b\u00e4rplockare och naturv\u00e4nner som k\u00e4mpar f\u00f6r att skydda v\u00e5ra \u00e4lvar, marker, flora och fauna fr\u00e5n en f\u00f6r\u00f6dande grafitgruva. V\u00e5r m\u00e5ls\u00e4ttning \u00e4r att s\u00e4tta stopp f\u00f6r den planerade kolgruvan (grafit) p\u00e5 berget Nunasvaara. Vi vill ha tillg\u00e5ng till v\u00e5ra renars betesmarker och flyttv\u00e4gar, kunna plocka svamp- och &hellip; <\/p>\n<p class=\"link-more\"><a href=\"https:\/\/www.nunasvaara.se\/\" class=\"more-link\">L\u00e4s mer<span class=\"screen-reader-text\"> \u201dHomepage\u201d<\/span><\/a><\/p>\n","protected":false},"author":2,"featured_media":0,"parent":0,"menu_order":0,"comment_status":"closed","ping_status":"closed","template":"page-templates\/full-width-transparent.php","meta":{"footnotes":""},"class_list":["post-6922","page","type-page","status-publish","hentry"],"_links":{"self":[{"href":"https:\/\/www.nunasvaara.se\/index.php\/wp-json\/wp\/v2\/pages\/6922","targetHints":{"allow":["GET"]}}],"collection":[{"href":"https:\/\/www.nunasvaara.se\/index.php\/wp-json\/wp\/v2\/pages"}],"about":[{"href":"https:\/\/www.nunasvaara.se\/index.php\/wp-json\/wp\/v2\/types\/page"}],"author":[{"embeddable":true,"href":"https:\/\/www.nunasvaara.se\/index.php\/wp-json\/wp\/v2\/users\/2"}],"replies":[{"embeddable":true,"href":"https:\/\/www.nunasvaara.se\/index.php\/wp-json\/wp\/v2\/comments?post=6922"}],"version-history":[{"count":33,"href":"https:\/\/www.nunasvaara.se\/index.php\/wp-json\/wp\/v2\/pages\/6922\/revisions"}],"predecessor-version":[{"id":8568,"href":"https:\/\/www.nunasvaara.se\/index.php\/wp-json\/wp\/v2\/pages\/6922\/revisions\/8568"}],"wp:attachment":[{"href":"https:\/\/www.nunasvaara.se\/index.php\/wp-json\/wp\/v2\/media?parent=6922"}],"curies":[{"name":"wp","href":"https:\/\/api.w.org\/{rel}","templated":true}]}}