{"id":6973,"date":"2025-04-09T10:36:05","date_gmt":"2025-04-09T08:36:05","guid":{"rendered":"https:\/\/www.nunasvaara.se\/?page_id=6973"},"modified":"2025-05-06T01:13:30","modified_gmt":"2025-05-05T23:13:30","slug":"infoblad-pdf","status":"publish","type":"page","link":"https:\/\/www.nunasvaara.se\/index.php\/infoblad-pdf\/","title":{"rendered":"Information"},"content":{"rendered":"\n<figure class=\"wp-block-pullquote\"><blockquote><p>I f\u00f6ljande kategorier finner du information om de huvudsakliga n\u00e4ringarna och intressena som finns inom omr\u00e5det Nunasvaara.<\/p><\/blockquote><\/figure>\n","protected":false},"excerpt":{"rendered":"<p>I f\u00f6ljande kategorier finner du information om de huvudsakliga n\u00e4ringarna och intressena som finns inom omr\u00e5det Nunasvaara.<\/p>\n","protected":false},"author":2,"featured_media":0,"parent":0,"menu_order":0,"comment_status":"closed","ping_status":"closed","template":"","meta":{"footnotes":""},"class_list":["post-6973","page","type-page","status-publish","hentry"],"_links":{"self":[{"href":"https:\/\/www.nunasvaara.se\/index.php\/wp-json\/wp\/v2\/pages\/6973","targetHints":{"allow":["GET"]}}],"collection":[{"href":"https:\/\/www.nunasvaara.se\/index.php\/wp-json\/wp\/v2\/pages"}],"about":[{"href":"https:\/\/www.nunasvaara.se\/index.php\/wp-json\/wp\/v2\/types\/page"}],"author":[{"embeddable":true,"href":"https:\/\/www.nunasvaara.se\/index.php\/wp-json\/wp\/v2\/users\/2"}],"replies":[{"embeddable":true,"href":"https:\/\/www.nunasvaara.se\/index.php\/wp-json\/wp\/v2\/comments?post=6973"}],"version-history":[{"count":4,"href":"https:\/\/www.nunasvaara.se\/index.php\/wp-json\/wp\/v2\/pages\/6973\/revisions"}],"predecessor-version":[{"id":7382,"href":"https:\/\/www.nunasvaara.se\/index.php\/wp-json\/wp\/v2\/pages\/6973\/revisions\/7382"}],"wp:attachment":[{"href":"https:\/\/www.nunasvaara.se\/index.php\/wp-json\/wp\/v2\/media?parent=6973"}],"curies":[{"name":"wp","href":"https:\/\/api.w.org\/{rel}","templated":true}]}}