{"id":6975,"date":"2025-04-09T10:36:05","date_gmt":"2025-04-09T08:36:05","guid":{"rendered":"https:\/\/www.nunasvaara.se\/?page_id=6975"},"modified":"2025-12-01T19:00:29","modified_gmt":"2025-12-01T18:00:29","slug":"oppna-brev","status":"publish","type":"page","link":"https:\/\/www.nunasvaara.se\/index.php\/oppna-brev\/","title":{"rendered":"\u00d6PPNA BREV"},"content":{"rendered":"\n<div class=\"wp-block-columns is-layout-flex wp-container-core-columns-is-layout-28f84493 wp-block-columns-is-layout-flex\">\n<div class=\"wp-block-column is-layout-flow wp-block-column-is-layout-flow\">\n<p>Ett&nbsp;<strong>\u00f6ppet brev<\/strong>&nbsp;\u00e4r ett&nbsp;brev&nbsp;som inte bara skickas till mottagaren utan \u00e4ven till&nbsp;journalister&nbsp;f\u00f6r att dessa ska offentligg\u00f6ra brevet i en&nbsp;tidning. Ett \u00f6ppet brev kr\u00e4ver oftast ett offentligt svar.<\/p>\n\n\n\n<p>Mest anv\u00e4nds \u00f6ppet brev n\u00e4r en k\u00e4nd person eller en institution (myndighet, f\u00f6retag) gjort omstridda p\u00e5st\u00e5enden eller inte uppfyllt n\u00e5got enligt vad som utlovats.<\/p>\n<\/div>\n\n\n\n<div class=\"wp-block-column is-layout-flow wp-block-column-is-layout-flow\">\n<figure class=\"wp-block-image size-full\"><img loading=\"lazy\" decoding=\"async\" width=\"500\" height=\"664\" src=\"https:\/\/www.nunasvaara.se\/wp-content\/uploads\/2025\/11\/Jaccuse.jpg\" alt=\"\" class=\"wp-image-7685\" srcset=\"https:\/\/www.nunasvaara.se\/wp-content\/uploads\/2025\/11\/Jaccuse.jpg 500w, https:\/\/www.nunasvaara.se\/wp-content\/uploads\/2025\/11\/Jaccuse-226x300.jpg 226w\" sizes=\"auto, (max-width: 500px) 100vw, 500px\" \/><\/figure>\n<\/div>\n\n\n\n<div class=\"wp-block-column is-layout-flow wp-block-column-is-layout-flow\">\n<p><\/p>\n\n\n\n<\/p>\n<\/p>\n\n\n\n<p><\/p>\n\n\n\n<p><\/p>\n\n\n\n<p><\/p>\n\n\n\n<p><\/p>\n\n\n\n<p>Ett ber\u00f6mt \u00f6ppet brev \u00e4r&nbsp;\u00c9mile Zolas J\u00e0ccuse som \u00e4r adresserat till den franske presidenten&nbsp;F\u00e9lix Faure.<\/p>\n<\/div>\n<\/div>\n\n\n\n<div class=\"wp-block-columns is-layout-flex wp-container-core-columns-is-layout-28f84493 wp-block-columns-is-layout-flex\">\n<div class=\"wp-block-column is-layout-flow wp-block-column-is-layout-flow\">\n<div class=\"wp-block-columns is-layout-flex wp-container-core-columns-is-layout-28f84493 wp-block-columns-is-layout-flex\">\n<div class=\"wp-block-column is-layout-flow wp-block-column-is-layout-flow\">\n<p class=\"has-large-font-size\">\u00d6ppet brev till Ebba Busch: Regeringens tv\u00e5ng mot Kiruna \u00e4r ett kolonialt \u00f6vergrepp<\/p>\n<\/div>\n\n\n\n<div class=\"wp-block-column is-layout-flow wp-block-column-is-layout-flow\"><\/div>\n<\/div>\n<\/div>\n<\/div>\n\n\n\n<div class=\"wp-block-columns is-layout-flex wp-container-core-columns-is-layout-28f84493 wp-block-columns-is-layout-flex\">\n<div class=\"wp-block-column is-layout-flow wp-block-column-is-layout-flow\">\n<p><strong>I december 2024 k\u00f6rde regeringen \u00f6ver Kiruna kommun genom att tvinga fram en detaljplan f\u00f6r Talga grafitgruva i Nunasvaara, trots Kirunabornas tydliga nej. Beslutet fattades i Stockholm, d\u00e4r Sverige sk\u00f6rdar vinsten utan att drabbas av dammet, bullret och naturf\u00f6rst\u00f6relsen. Vi har data som visar regeringens koloniala strategi, skriver Kari Tuovinen och Per Lindstr\u00f6m Lussi.<\/strong><\/p>\n\n\n\n<p>Det \u00e4r ett kolonialt \u00f6vergrepp mot lokal demokrati i Kiruna och Sapmi som i decennier har burit milj\u00f6f\u00f6rst\u00f6ring, samh\u00e4llsomvandling och bostadsbrist f\u00f6r nationens skull; nu p\u00e5tvingas de ytterligare en gruva. Alla vet att detta handlar om pengar i pl\u00e5nboken, men inte Kirunas. Malmf\u00e4lten \u00e4r Sveriges ekonomiska motor, och m\u00e5ste du finansiera Tid\u00f6lagets politik s\u00e5 m\u00e5ste du. Men inte genom ytterligare exploatering av Kiruna; pengarna m\u00e5ste h\u00e4mtas p\u00e5 annat h\u00e5ll. Med data fr\u00e5n 2004\u20132024 visar vi hur beslutet f\u00f6rst\u00e4rker Sveriges koloniala struktur.<\/p>\n\n\n\n<p><strong>Malmf\u00e4lten \u00e4r Sveriges<\/strong>&nbsp;ekonomiska ryggrad, d\u00e4r statens gruvbolag LKAB genererar enorma statliga int\u00e4kter. V\u00e5r analys av det ekonomiska fl\u00f6det genom ocentraliserad bokf\u00f6ring (exkluderar centraliseringseffekter) indikerar att Kiruna med 98 miljarder kronor \u00e4r Sveriges st\u00f6rsta nettobidragsgivare. Beloppen \u00e4r approximerade med numerisk linj\u00e4r statistisk regressionsanalys (\u00e4ven AI\/Neuralt n\u00e4tverk) av offentlig data, justerad till 2024 \u00e5rs penningv\u00e4rde.<\/p>\n\n\n\n<p><em><strong>Stockholmsregionen \u00e4r nettomottagare av 1 200 miljarder kronor i form av olika bidrag.<\/strong><\/em><\/p>\n\n\n\n<p><strong>Trots det h\u00f6gsta<\/strong>&nbsp;statliga nettobidraget till\u00e5ts Kiruna endast beh\u00e5lla 5,2 procent av v\u00e4rdet och vi vet att tio procent \u00e4r l\u00e4gsta skamgr\u00e4ns. Detta \u00e4r klassisk kolonialism d\u00e4r Malmf\u00e4lten t\u00f6ms p\u00e5 resurser till f\u00f6rm\u00e5n f\u00f6r underfinansierade nettomottagare, till exempel Stockholmsomr\u00e5det, vars v\u00e4lf\u00e4rd uppenbart baserar sig p\u00e5 bland annat Malmf\u00e4ltens milj\u00f6vidriga exploatering. Kiruna lever dagligen med gruvornas nackdelar, till exempel luftf\u00f6rorenande damm, tung trafik, buller fr\u00e5n spr\u00e4ngningar som st\u00f6r vardagen, med mera. Stadsflytten, direkt orsakad av statliga LKAB:s expansion, \u00e4r en samh\u00e4llsomvandling som b\u00e4rs av lokalbefolkningen med stort besv\u00e4r och minimal realkostnadst\u00e4ckning. Bostadsbristen f\u00f6rv\u00e4rras av gruvindustrins tillv\u00e4xt och nyetablering, med ytterligare \u00f6kad efterfr\u00e5gan p\u00e5 bost\u00e4der, och tvingar fram l\u00e5ng- och veckopendling som s\u00e4tter ytterligare press p\u00e5 Kiruna. Att tvinga fram Talgagruvan utan att f\u00f6rst l\u00f6sa dessa problem \u00e4r att arrogant ignorera Kirunas redan anstr\u00e4ngda situation. Det nationella intresset f\u00f6r Talgagruvan, att s\u00e4kra grafit f\u00f6r batteriproduktion, r\u00e4ttf\u00e4rdigar inte projektet. Arbetstillf\u00e4llena hamnar prim\u00e4rt i Lule\u00e5, och Vittangi f\u00e5r b\u00e4ra den negativa milj\u00f6p\u00e5verkan och milj\u00f6risken f\u00f6r Torne \u00e4lv. Gruvans utsl\u00e4pp och p\u00e5verkan p\u00e5 rensk\u00f6tsel och lokala ekosystem l\u00e4mnar Kiruna med otillr\u00e4cklig kompensation f\u00f6r l\u00e5ngsiktiga milj\u00f6risker.<\/p>\n\n\n\n<p><strong>V\u00e5r analys visar<\/strong>&nbsp;att Malmf\u00e4lten b\u00e4r milj\u00f6f\u00f6rst\u00f6ringen medan storstadsregioner som Stockholm b\u00e4r en oproportionerligt h\u00f6g andel konsumtionsbaserade koldioxidutsl\u00e4pp, vilket driver behovet av till exempel grafit fr\u00e5n Talgagruvan. Stockholmsregionen \u00e4r nettomottagare av 1 200 miljarder kronor i form av olika bidrag. Vi anser att det \u00e4r or\u00e4ttvist och fundamentalt fel att Kiruna och Sapmi ska betala storstadsregionernas \u00f6verkonsumtion, vilken driver behovet av Talgagruvan, vars planerade volym \u00e4r liten i f\u00f6rh\u00e5llande till det globala behovet och utan n\u00e5gon som helst nytta f\u00f6r Kiruna.<\/p>\n\n\n\n<blockquote class=\"wp-block-quote is-layout-flow wp-block-quote-is-layout-flow\">\n<p><\/p>\n<\/blockquote>\n<\/div>\n\n\n\n<div class=\"wp-block-column is-layout-flow wp-block-column-is-layout-flow\">\n<p><em><strong>Talgagruvan handlar om att finansiera statsbudgeten, inte om att utveckla Kiruna.<\/strong><\/em><\/p>\n\n\n\n<p><strong>Beslutet att tvinga<\/strong>&nbsp;Kiruna att anta den detaljplan f\u00f6r Talgagruvan som L\u00e4nsstyrelsen tagit fram p\u00e5 Kirunas bekostnad \u00e4r ett frontalangrepp p\u00e5 lokal autonomi och Kirunas r\u00e4tt att sj\u00e4lv forma sin egen framtid. Med orden \u201dMed detta beslut hoppas jag att Sverige kommer att f\u00e5 sin 14:e gruva\u201d manifesterar Busch Sveriges koloniala dynamik och framst\u00e4ller gruvan som en nationell triumf. Triumf f\u00f6r vem? Inte f\u00f6r Kiruna som b\u00e4r kostnaderna, inte f\u00f6r samerna, vars r\u00e4ttigheter till mark och kultur ignoreras. Inte heller f\u00f6r inv\u00e5narna i f\u00f6re detta Fr\u00f6jereds kommun i V\u00e4stra G\u00f6taland, vars kristna h\u00f6gerelit \u00e4nnu inte har kommit \u00f6ver socialdemokratins samh\u00e4llsomv\u00e4lvande kommunreformer under b\u00f6rjan av 1970-talet. Kanske en triumf f\u00f6r Stockholm och andra storstadsregioner som konsumerar vinsterna genom sitt underfinansierade samh\u00e4llsbyggande projekt?<\/p>\n\n\n\n<p><strong>L\u00e5t oss tala<\/strong>&nbsp;klarspr\u00e5k: Talgagruvan handlar om att finansiera statsbudgeten, inte om att utveckla Kiruna som, genom gruvindustrin, redan \u00e4r Sveriges mest produktiva region. Varf\u00f6r ska Kiruna ta p\u00e5 sig mer milj\u00f6f\u00f6rst\u00f6ring och samh\u00e4llspress f\u00f6r ytterligare en gruva som endast gynnar andra? &nbsp;Stockholm och andra storstadsregioner m\u00e5ste bli ekonomiskt sj\u00e4lvf\u00f6rs\u00f6rjande och klara av att st\u00e5 p\u00e5 sina egna ben; Kiruna och Sapmi ska inte st\u00e5 f\u00f6r kostnaderna av deras konsumtion. Talgagruvan \u00e4r en bekv\u00e4mlighet f\u00f6r storst\u00e4der som vill minska sin koldioxidskuld utan att ta ansvar f\u00f6r konsekvenserna av sina egna handlingar. Detta \u00e4r inte r\u00e4ttvist, det \u00e4r girighet maskerad till nationellt intresse.<\/p>\n\n\n\n<p>Vi anser att i st\u00e4llet f\u00f6r att tvinga p\u00e5 Kiruna Talgagruvan ska Sveriges regering:<\/p>\n\n\n\n<p>\u00d6ka lokal retention: Genom en modell liknande Norges petroleumfond, d\u00e4r gruvint\u00e4kter \u00e5terinvesteras lokalt.<br>Adressera bostadsbristen: Finansiera bostadsbyggande f\u00f6r att m\u00f6ta gruvindustrins tillv\u00e4xt och minska trycket p\u00e5 lokalsamh\u00e4llet.<br>Respektera lokal demokrati: Samr\u00e5d och samf\u00f6rst\u00e5nd med Kirunas inv\u00e5nare och samiska f\u00f6retr\u00e4dare innan beslut fattas.<br>Kompensera milj\u00f6p\u00e5verkan: Investera i \u00e5tg\u00e4rder mot damm, buller och infrastrukturp\u00e5verkan.<br>Reformera skattesystemet: S\u00e4kerst\u00e4ll att nettobidragsgivare som Kiruna f\u00e5r r\u00e4ttvisa \u00e5terinvesteringar.<br>\u00c5terkalla beslutet, respektera Kiruna och Sapmi, samt skapa en framtid d\u00e4r hela Sverige r\u00e4ttvist b\u00e4r det ekonomiska ansvaret.<\/p>\n\n\n\n<p><em><strong>Kari Tuovinen,<\/strong>&nbsp;Programmerare styr- och reglerteknik inom gruvor, rymdindustri och fastighetsautomation. Sakkunnig r\u00e5dgivare till Sametingspartiet Jakt- och fiskesamerna.<\/em><\/p>\n\n\n\n<p><em><strong>Per Lindstr\u00f6m Lussi,<\/strong>&nbsp;universitetslektor i marin teknik p\u00e5 Linn\u00e9universitetet. Driver det oberoende Skogssamiska n\u00e4tmagasinet \u2019Till Sapmi\u2019.<\/em><\/p>\n\n\n\n<p>Publicerad&nbsp;2025-07-20<\/p>\n\n\n\n<h1 class=\"wp-block-heading\">Netto\u00f6verf\u00f6ringar<\/h1>\n\n\n\n<p>Tabellen visar netto\u00f6verf\u00f6ringar 2004\u20132024 i ocentraliserad bokf\u00f6ring, justerade till 2024 \u00e5rs penningv\u00e4rde.Notera: (+) indikerar nettobidragsgivare och (-) nettomottagare.<\/p>\n\n\n\n<figure class=\"wp-block-image\"><img decoding=\"async\" src=\"https:\/\/cdn.epochtimes.se\/uploads\/2025\/07\/skarmavbild2025-07-20kl.17.23.20-152514260-2941.png\" alt=\"\"\/><\/figure>\n<\/div>\n<\/div>\n\n\n\n<p><\/p>\n","protected":false},"excerpt":{"rendered":"<p>Ett&nbsp;\u00f6ppet brev&nbsp;\u00e4r ett&nbsp;brev&nbsp;som inte bara skickas till mottagaren utan \u00e4ven till&nbsp;journalister&nbsp;f\u00f6r att dessa ska offentligg\u00f6ra brevet i en&nbsp;tidning. Ett \u00f6ppet brev kr\u00e4ver oftast ett offentligt svar. Mest anv\u00e4nds \u00f6ppet brev n\u00e4r en k\u00e4nd person eller en institution (myndighet, f\u00f6retag) gjort omstridda p\u00e5st\u00e5enden eller inte uppfyllt n\u00e5got enligt vad som utlovats. Ett ber\u00f6mt \u00f6ppet brev \u00e4r&nbsp;\u00c9mile &hellip; <\/p>\n<p class=\"link-more\"><a href=\"https:\/\/www.nunasvaara.se\/index.php\/oppna-brev\/\" class=\"more-link\">L\u00e4s mer<span class=\"screen-reader-text\"> \u201d\u00d6PPNA BREV\u201d<\/span><\/a><\/p>\n","protected":false},"author":2,"featured_media":0,"parent":0,"menu_order":0,"comment_status":"closed","ping_status":"closed","template":"","meta":{"footnotes":""},"class_list":["post-6975","page","type-page","status-publish","hentry"],"_links":{"self":[{"href":"https:\/\/www.nunasvaara.se\/index.php\/wp-json\/wp\/v2\/pages\/6975","targetHints":{"allow":["GET"]}}],"collection":[{"href":"https:\/\/www.nunasvaara.se\/index.php\/wp-json\/wp\/v2\/pages"}],"about":[{"href":"https:\/\/www.nunasvaara.se\/index.php\/wp-json\/wp\/v2\/types\/page"}],"author":[{"embeddable":true,"href":"https:\/\/www.nunasvaara.se\/index.php\/wp-json\/wp\/v2\/users\/2"}],"replies":[{"embeddable":true,"href":"https:\/\/www.nunasvaara.se\/index.php\/wp-json\/wp\/v2\/comments?post=6975"}],"version-history":[{"count":15,"href":"https:\/\/www.nunasvaara.se\/index.php\/wp-json\/wp\/v2\/pages\/6975\/revisions"}],"predecessor-version":[{"id":8024,"href":"https:\/\/www.nunasvaara.se\/index.php\/wp-json\/wp\/v2\/pages\/6975\/revisions\/8024"}],"wp:attachment":[{"href":"https:\/\/www.nunasvaara.se\/index.php\/wp-json\/wp\/v2\/media?parent=6975"}],"curies":[{"name":"wp","href":"https:\/\/api.w.org\/{rel}","templated":true}]}}