{"id":6977,"date":"2025-04-09T10:36:05","date_gmt":"2025-04-09T08:36:05","guid":{"rendered":"https:\/\/www.nunasvaara.se\/?page_id=6977"},"modified":"2025-04-27T10:41:00","modified_gmt":"2025-04-27T08:41:00","slug":"hur-kan-du-hjalpa","status":"publish","type":"page","link":"https:\/\/www.nunasvaara.se\/index.php\/hur-kan-du-hjalpa\/","title":{"rendered":"Hur kan du engagera dig"},"content":{"rendered":"\n<h4 class=\"wp-block-heading has-text-align-left\">Man kan b\u00f6rja med att delta i m\u00f6ten och evenemang, eller erbjuda sin hj\u00e4lp i olika projekt. Ofta finns det behov av allt fr\u00e5n praktisk hj\u00e4lp till att sitta med i m\u00f6ten eller arrangera aktiviteter. Ett f\u00f6rsta steg kan vara att ta kontakt med arbetsgruppen, visa sitt intresse och fr\u00e5ga hur man kan bidra med sin kunskap och vilja.<\/h4>\n\n\n\n<div style=\"height:100px\" aria-hidden=\"true\" class=\"wp-block-spacer\"><\/div>\n\n\n\n<p><\/p>\n\n\n\n<p><\/p>\n\n\n\n<p><\/p>\n\n\n\n<p><\/p>\n","protected":false},"excerpt":{"rendered":"<p>Man kan b\u00f6rja med att delta i m\u00f6ten och evenemang, eller erbjuda sin hj\u00e4lp i olika projekt. Ofta finns det behov av allt fr\u00e5n praktisk hj\u00e4lp till att sitta med i m\u00f6ten eller arrangera aktiviteter. Ett f\u00f6rsta steg kan vara att ta kontakt med arbetsgruppen, visa sitt intresse och fr\u00e5ga hur man kan bidra med &hellip; <\/p>\n<p class=\"link-more\"><a href=\"https:\/\/www.nunasvaara.se\/index.php\/hur-kan-du-hjalpa\/\" class=\"more-link\">L\u00e4s mer<span class=\"screen-reader-text\"> \u201dHur kan du engagera dig\u201d<\/span><\/a><\/p>\n","protected":false},"author":2,"featured_media":0,"parent":0,"menu_order":0,"comment_status":"closed","ping_status":"closed","template":"","meta":{"footnotes":""},"class_list":["post-6977","page","type-page","status-publish","hentry"],"_links":{"self":[{"href":"https:\/\/www.nunasvaara.se\/index.php\/wp-json\/wp\/v2\/pages\/6977","targetHints":{"allow":["GET"]}}],"collection":[{"href":"https:\/\/www.nunasvaara.se\/index.php\/wp-json\/wp\/v2\/pages"}],"about":[{"href":"https:\/\/www.nunasvaara.se\/index.php\/wp-json\/wp\/v2\/types\/page"}],"author":[{"embeddable":true,"href":"https:\/\/www.nunasvaara.se\/index.php\/wp-json\/wp\/v2\/users\/2"}],"replies":[{"embeddable":true,"href":"https:\/\/www.nunasvaara.se\/index.php\/wp-json\/wp\/v2\/comments?post=6977"}],"version-history":[{"count":3,"href":"https:\/\/www.nunasvaara.se\/index.php\/wp-json\/wp\/v2\/pages\/6977\/revisions"}],"predecessor-version":[{"id":7281,"href":"https:\/\/www.nunasvaara.se\/index.php\/wp-json\/wp\/v2\/pages\/6977\/revisions\/7281"}],"wp:attachment":[{"href":"https:\/\/www.nunasvaara.se\/index.php\/wp-json\/wp\/v2\/media?parent=6977"}],"curies":[{"name":"wp","href":"https:\/\/api.w.org\/{rel}","templated":true}]}}