{"id":6979,"date":"2025-04-09T10:36:05","date_gmt":"2025-04-09T08:36:05","guid":{"rendered":"https:\/\/www.nunasvaara.se\/?page_id=6979"},"modified":"2026-02-25T10:11:36","modified_gmt":"2026-02-25T09:11:36","slug":"sponsor","status":"publish","type":"page","link":"https:\/\/www.nunasvaara.se\/index.php\/sponsor\/","title":{"rendered":"St\u00f6tta oss"},"content":{"rendered":"\n<div class=\"wp-block-columns is-layout-flex wp-container-core-columns-is-layout-28f84493 wp-block-columns-is-layout-flex\">\n<div class=\"wp-block-column is-layout-flow wp-block-column-is-layout-flow\">\n<figure class=\"wp-block-image size-large\"><img loading=\"lazy\" decoding=\"async\" width=\"1024\" height=\"768\" src=\"https:\/\/www.nunasvaara.se\/wp-content\/uploads\/2025\/04\/IMG_2175-1024x768.jpeg\" alt=\"\" class=\"wp-image-7224\" srcset=\"https:\/\/www.nunasvaara.se\/wp-content\/uploads\/2025\/04\/IMG_2175-1024x768.jpeg 1024w, https:\/\/www.nunasvaara.se\/wp-content\/uploads\/2025\/04\/IMG_2175-300x225.jpeg 300w, https:\/\/www.nunasvaara.se\/wp-content\/uploads\/2025\/04\/IMG_2175-2000x1500.jpeg 2000w\" sizes=\"auto, (max-width: 1024px) 100vw, 1024px\" \/><\/figure>\n<\/div>\n\n\n\n<div class=\"wp-block-column is-layout-flow wp-block-column-is-layout-flow\">\n<div class=\"wp-block-columns is-layout-flex wp-container-core-columns-is-layout-28f84493 wp-block-columns-is-layout-flex\">\n<div class=\"wp-block-column is-layout-flow wp-block-column-is-layout-flow\">\n<p class=\"has-medium-font-size\">Ett stort tack till f\u00f6ljande f\u00f6retag, politiska partier och organisationer f\u00f6r ert st\u00f6d, b\u00e5de ekonomiskt och ideellt.<\/p>\n<\/div>\n<\/div>\n\n\n\n<figure class=\"wp-block-image size-large is-resized\"><img loading=\"lazy\" decoding=\"async\" width=\"1024\" height=\"245\" src=\"https:\/\/www.nunasvaara.se\/wp-content\/uploads\/2025\/11\/image-16-1024x245.png\" alt=\"\" class=\"wp-image-7975\" style=\"aspect-ratio:4.180170735360192;width:340px;height:auto\" srcset=\"https:\/\/www.nunasvaara.se\/wp-content\/uploads\/2025\/11\/image-16-1024x245.png 1024w, https:\/\/www.nunasvaara.se\/wp-content\/uploads\/2025\/11\/image-16-300x72.png 300w, https:\/\/www.nunasvaara.se\/wp-content\/uploads\/2025\/11\/image-16-2000x479.png 2000w\" sizes=\"auto, (max-width: 1024px) 100vw, 1024px\" \/><\/figure>\n\n\n\n<div class=\"wp-block-columns is-layout-flex wp-container-core-columns-is-layout-28f84493 wp-block-columns-is-layout-flex\">\n<div class=\"wp-block-column is-layout-flow wp-block-column-is-layout-flow\">\n<div style=\"height:11px\" aria-hidden=\"true\" class=\"wp-block-spacer\"><\/div>\n\n\n\n<p class=\"has-text-align-center has-medium-font-size\"><strong>Feministiskt Initiativ Kiruna<\/strong><\/p>\n<\/div>\n\n\n\n<div class=\"wp-block-column is-layout-flow wp-block-column-is-layout-flow\">\n<figure class=\"wp-block-image size-full is-resized\"><img loading=\"lazy\" decoding=\"async\" width=\"888\" height=\"888\" src=\"https:\/\/www.nunasvaara.se\/wp-content\/uploads\/2026\/01\/image-11.png\" alt=\"\" class=\"wp-image-8227\" style=\"width:66px;height:auto\" srcset=\"https:\/\/www.nunasvaara.se\/wp-content\/uploads\/2026\/01\/image-11.png 888w, https:\/\/www.nunasvaara.se\/wp-content\/uploads\/2026\/01\/image-11-300x300.png 300w, https:\/\/www.nunasvaara.se\/wp-content\/uploads\/2026\/01\/image-11-150x150.png 150w\" sizes=\"auto, (max-width: 888px) 100vw, 888px\" \/><\/figure>\n<\/div>\n<\/div>\n\n\n\n<div class=\"wp-block-columns is-layout-flex wp-container-core-columns-is-layout-28f84493 wp-block-columns-is-layout-flex\">\n<div class=\"wp-block-column is-layout-flow wp-block-column-is-layout-flow\">\n<div style=\"height:13px\" aria-hidden=\"true\" class=\"wp-block-spacer\"><\/div>\n\n\n\n<p class=\"has-text-align-center has-medium-font-size\"><strong>V\u00e4nsterpartiet Kiruna<\/strong><\/p>\n<\/div>\n\n\n\n<div class=\"wp-block-column is-layout-flow wp-block-column-is-layout-flow\">\n<figure class=\"wp-block-image size-full is-resized\"><img loading=\"lazy\" decoding=\"async\" width=\"225\" height=\"225\" src=\"https:\/\/www.nunasvaara.se\/wp-content\/uploads\/2026\/01\/image-12.png\" alt=\"\" class=\"wp-image-8228\" style=\"width:70px;height:auto\" srcset=\"https:\/\/www.nunasvaara.se\/wp-content\/uploads\/2026\/01\/image-12.png 225w, https:\/\/www.nunasvaara.se\/wp-content\/uploads\/2026\/01\/image-12-150x150.png 150w\" sizes=\"auto, (max-width: 225px) 100vw, 225px\" \/><\/figure>\n<\/div>\n<\/div>\n\n\n\n<div class=\"wp-block-columns is-layout-flex wp-container-core-columns-is-layout-28f84493 wp-block-columns-is-layout-flex\">\n<div class=\"wp-block-column is-layout-flow wp-block-column-is-layout-flow\">\n<div style=\"height:23px\" aria-hidden=\"true\" class=\"wp-block-spacer\"><\/div>\n\n\n\n<p class=\"has-text-align-center has-medium-font-size\"><strong>S\u00e0milisttu<\/strong><\/p>\n<\/div>\n\n\n\n<div class=\"wp-block-column is-layout-flow wp-block-column-is-layout-flow\">\n<figure class=\"wp-block-image size-full is-resized\"><img loading=\"lazy\" decoding=\"async\" width=\"225\" height=\"225\" src=\"https:\/\/www.nunasvaara.se\/wp-content\/uploads\/2026\/01\/image-13.png\" alt=\"\" class=\"wp-image-8229\" style=\"width:91px;height:auto\" srcset=\"https:\/\/www.nunasvaara.se\/wp-content\/uploads\/2026\/01\/image-13.png 225w, https:\/\/www.nunasvaara.se\/wp-content\/uploads\/2026\/01\/image-13-150x150.png 150w\" sizes=\"auto, (max-width: 225px) 100vw, 225px\" \/><\/figure>\n<\/div>\n<\/div>\n<\/div>\n<\/div>\n\n\n\n<div class=\"wp-block-columns is-layout-flex wp-container-core-columns-is-layout-28f84493 wp-block-columns-is-layout-flex\">\n<div class=\"wp-block-column is-layout-flow wp-block-column-is-layout-flow\">\n<div class=\"wp-block-columns is-layout-flex wp-container-core-columns-is-layout-28f84493 wp-block-columns-is-layout-flex\">\n<div class=\"wp-block-column is-layout-flow wp-block-column-is-layout-flow\">\n<p style=\"font-size:clamp(18.959px, 1.185rem + ((1vw - 3.2px) * 1.15), 30px);\"><strong>Vill du vara med och engagera dig <\/strong><\/p>\n\n\n\n<p style=\"font-size:clamp(14px, 0.875rem + ((1vw - 3.2px) * 0.417), 18px);line-height:0.5\">Kontakta Hanna R\u00e5man<\/p>\n\n\n\n<p style=\"font-size:clamp(14px, 0.875rem + ((1vw - 3.2px) * 0.417), 18px);line-height:0.5\">Tel. +46 70 &#8211; 331 22 34<\/p>\n\n\n\n<p style=\"font-size:clamp(16.834px, 1.052rem + ((1vw - 3.2px) * 0.955), 26px);line-height:1\"><strong>Vill ditt f\u00f6retag eller organisation vara <\/strong><\/p>\n\n\n\n<p style=\"font-size:clamp(16.834px, 1.052rem + ((1vw - 3.2px) * 0.955), 26px);line-height:1\"><strong>med och st\u00f6dja oss?<\/strong><\/p>\n\n\n\n<p class=\"has-medium-font-size\">Vi tar tacksamt emot all st\u00f6d. <\/p>\n\n\n\n<p class=\"has-medium-font-size\">Kontakta oss f\u00f6r att f\u00e5 reda p\u00e5 mer<\/p>\n\n\n\n<p class=\"has-secondary-color has-text-color has-link-color has-medium-font-size wp-elements-caac5953f3b7532c42268b67a072d24a\"><em>Mail. gruvinformation@gmail.com<\/em><\/p>\n<\/div>\n\n\n\n<div class=\"wp-block-column is-layout-flow wp-block-column-is-layout-flow\">\n<div class=\"wp-block-columns is-layout-flex wp-container-core-columns-is-layout-28f84493 wp-block-columns-is-layout-flex\">\n<div class=\"wp-block-column is-layout-flow wp-block-column-is-layout-flow\">\n<figure class=\"wp-block-image size-full\"><img loading=\"lazy\" decoding=\"async\" width=\"275\" height=\"183\" src=\"https:\/\/www.nunasvaara.se\/wp-content\/uploads\/2026\/01\/image-7.png\" alt=\"\" class=\"wp-image-8221\"\/><\/figure>\n<\/div>\n\n\n\n<div class=\"wp-block-column is-layout-flow wp-block-column-is-layout-flow\">\n<figure class=\"wp-block-image size-full is-resized\"><img loading=\"lazy\" decoding=\"async\" width=\"225\" height=\"225\" src=\"https:\/\/www.nunasvaara.se\/wp-content\/uploads\/2026\/01\/image-8.png\" alt=\"\" class=\"wp-image-8222\" style=\"width:167px;height:auto\" srcset=\"https:\/\/www.nunasvaara.se\/wp-content\/uploads\/2026\/01\/image-8.png 225w, https:\/\/www.nunasvaara.se\/wp-content\/uploads\/2026\/01\/image-8-150x150.png 150w\" sizes=\"auto, (max-width: 225px) 100vw, 225px\" \/><\/figure>\n<\/div>\n<\/div>\n\n\n\n<div class=\"wp-block-columns is-layout-flex wp-container-core-columns-is-layout-28f84493 wp-block-columns-is-layout-flex\">\n<div class=\"wp-block-column is-layout-flow wp-block-column-is-layout-flow\">\n<div style=\"height:42px\" aria-hidden=\"true\" class=\"wp-block-spacer\"><\/div>\n\n\n\n<p class=\"has-text-align-center\" style=\"font-size:clamp(14.642px, 0.915rem + ((1vw - 3.2px) * 0.766), 22px);\"><strong>Reklam och Grafiska i Kiruna AB<\/strong><\/p>\n<\/div>\n\n\n\n<div class=\"wp-block-column is-layout-flow wp-block-column-is-layout-flow\">\n<figure class=\"wp-block-image size-full is-resized\"><img loading=\"lazy\" decoding=\"async\" width=\"130\" height=\"130\" src=\"https:\/\/www.nunasvaara.se\/wp-content\/uploads\/2026\/01\/image-14.png\" alt=\"\" class=\"wp-image-8230\" style=\"width:164px;height:auto\"\/><\/figure>\n<\/div>\n<\/div>\n<\/div>\n<\/div>\n<\/div>\n<\/div>\n\n\n\n<div class=\"wp-block-columns is-layout-flex wp-container-core-columns-is-layout-28f84493 wp-block-columns-is-layout-flex\">\n<div class=\"wp-block-column is-layout-flow wp-block-column-is-layout-flow\">\n<div class=\"wp-block-columns is-layout-flex wp-container-core-columns-is-layout-28f84493 wp-block-columns-is-layout-flex\">\n<div class=\"wp-block-column is-layout-flow wp-block-column-is-layout-flow\">\n<div class=\"wp-block-columns is-layout-flex wp-container-core-columns-is-layout-28f84493 wp-block-columns-is-layout-flex\">\n<div class=\"wp-block-column is-layout-flow wp-block-column-is-layout-flow\"><\/div>\n\n\n\n<div class=\"wp-block-column is-layout-flow wp-block-column-is-layout-flow\">\n<figure class=\"wp-block-image size-large is-resized\"><img loading=\"lazy\" decoding=\"async\" width=\"1024\" height=\"245\" src=\"https:\/\/www.nunasvaara.se\/wp-content\/uploads\/2026\/02\/image-17-1024x245.png\" alt=\"\" class=\"wp-image-8425\" style=\"aspect-ratio:4.1800144822592324;width:343px;height:auto\" srcset=\"https:\/\/www.nunasvaara.se\/wp-content\/uploads\/2026\/02\/image-17-1024x245.png 1024w, https:\/\/www.nunasvaara.se\/wp-content\/uploads\/2026\/02\/image-17-300x72.png 300w, https:\/\/www.nunasvaara.se\/wp-content\/uploads\/2026\/02\/image-17-2000x479.png 2000w\" sizes=\"auto, (max-width: 1024px) 100vw, 1024px\" \/><\/figure>\n<\/div>\n<\/div>\n<\/div>\n<\/div>\n<\/div>\n<\/div>\n\n\n\n<p><\/p>\n","protected":false},"excerpt":{"rendered":"<p>Ett stort tack till f\u00f6ljande f\u00f6retag, politiska partier och organisationer f\u00f6r ert st\u00f6d, b\u00e5de ekonomiskt och ideellt. Feministiskt Initiativ Kiruna V\u00e4nsterpartiet Kiruna S\u00e0milisttu Vill du vara med och engagera dig Kontakta Hanna R\u00e5man Tel. +46 70 &#8211; 331 22 34 Vill ditt f\u00f6retag eller organisation vara med och st\u00f6dja oss? Vi tar tacksamt emot all &hellip; <\/p>\n<p class=\"link-more\"><a href=\"https:\/\/www.nunasvaara.se\/index.php\/sponsor\/\" class=\"more-link\">L\u00e4s mer<span class=\"screen-reader-text\"> \u201dSt\u00f6tta oss\u201d<\/span><\/a><\/p>\n","protected":false},"author":2,"featured_media":0,"parent":0,"menu_order":0,"comment_status":"closed","ping_status":"closed","template":"","meta":{"footnotes":""},"class_list":["post-6979","page","type-page","status-publish","hentry"],"_links":{"self":[{"href":"https:\/\/www.nunasvaara.se\/index.php\/wp-json\/wp\/v2\/pages\/6979","targetHints":{"allow":["GET"]}}],"collection":[{"href":"https:\/\/www.nunasvaara.se\/index.php\/wp-json\/wp\/v2\/pages"}],"about":[{"href":"https:\/\/www.nunasvaara.se\/index.php\/wp-json\/wp\/v2\/types\/page"}],"author":[{"embeddable":true,"href":"https:\/\/www.nunasvaara.se\/index.php\/wp-json\/wp\/v2\/users\/2"}],"replies":[{"embeddable":true,"href":"https:\/\/www.nunasvaara.se\/index.php\/wp-json\/wp\/v2\/comments?post=6979"}],"version-history":[{"count":19,"href":"https:\/\/www.nunasvaara.se\/index.php\/wp-json\/wp\/v2\/pages\/6979\/revisions"}],"predecessor-version":[{"id":8426,"href":"https:\/\/www.nunasvaara.se\/index.php\/wp-json\/wp\/v2\/pages\/6979\/revisions\/8426"}],"wp:attachment":[{"href":"https:\/\/www.nunasvaara.se\/index.php\/wp-json\/wp\/v2\/media?parent=6979"}],"curies":[{"name":"wp","href":"https:\/\/api.w.org\/{rel}","templated":true}]}}