{"id":7744,"date":"2025-11-08T16:35:31","date_gmt":"2025-11-08T15:35:31","guid":{"rendered":"https:\/\/www.nunasvaara.se\/?page_id=7744"},"modified":"2025-11-08T16:35:31","modified_gmt":"2025-11-08T15:35:31","slug":"litiumjonbatterier","status":"publish","type":"page","link":"https:\/\/www.nunasvaara.se\/index.php\/litiumjonbatterier\/","title":{"rendered":"Litiumjonbatterier"},"content":{"rendered":"\n<div class=\"wp-block-columns is-layout-flex wp-container-core-columns-is-layout-28f84493 wp-block-columns-is-layout-flex\">\n<div class=\"wp-block-column is-layout-flow wp-block-column-is-layout-flow\">\n<p><br><strong>De flesta laddhybrider och helelektriska fordon anv\u00e4nder litiumjonbatterier. <\/strong> Energilagringssystem, \u00e4r viktiga f\u00f6r helelektriska fordon, laddhybrider (PHEV) och hybridelfordon (HEV). <br>F\u00f6rdelen med dessa batterier \u00e4r att de har l\u00e5ng livsl\u00e4ngd och h\u00f6g energit\u00e4thet, det vill s\u00e4ga att de kan lagra mycket energi. Men det finns ocks\u00e5 nackdelar med batterierna, bland annat risken f\u00f6r brand och explosion.<\/p>\n\n\n\n<div class=\"wp-block-columns is-layout-flex wp-container-core-columns-is-layout-28f84493 wp-block-columns-is-layout-flex\">\n<div class=\"wp-block-column is-layout-flow wp-block-column-is-layout-flow\">\n<p class=\"has-medium-font-size\"><br><em>En av utmaningarna med dagens litiumjonbatterier \u00e4r anv\u00e4ndningen av grafit. Grafit \u00e4r ett fossilt kol som antingen bryts eller tillverkas av andra fossilbaserade material. Brytningen i gruvor sker ocks\u00e5 ofta under mycket bristf\u00e4lliga f\u00f6rh\u00e5llanden, med sv\u00e5ra sociala och milj\u00f6m\u00e4ssiga konsekvenser.<\/em><\/p>\n<\/div>\n<\/div>\n\n\n\n<p class=\"has-medium-font-size\"><strong>Risker med&nbsp;litiumjonbatterier<\/strong><\/p>\n\n\n\n<ul class=\"wp-block-list\">\n<li>Termisk rusning som kan ge upphov till brand i batteriet.<\/li>\n\n\n\n<li>Utsl\u00e4pp av farliga gaser fr\u00e5n batteriet som kan p\u00e5verka h\u00e4lsan, leda till eller f\u00f6rv\u00e4rra brandf\u00f6rloppet.<\/li>\n\n\n\n<li>\u00c5terant\u00e4ndning, ett&nbsp;<strong>batteri<\/strong>&nbsp;som inte kylts tillr\u00e4ckligt efter en brand kan b\u00f6rja brinna igen.<\/li>\n<\/ul>\n<\/div>\n<\/div>\n\n\n\n<hr class=\"wp-block-separator has-alpha-channel-opacity\"\/>\n\n\n\n<div class=\"wp-block-columns is-layout-flex wp-container-core-columns-is-layout-28f84493 wp-block-columns-is-layout-flex\">\n<div class=\"wp-block-column is-layout-flow wp-block-column-is-layout-flow\">\n<p class=\"has-medium-font-size\"><strong>Litiumets baksidor&nbsp;<\/strong><\/p>\n\n\n\n<p>Du \u00e4r f\u00f6rmodligen redan bekant med utmaningarna med traditionella litiumbatterier: de \u00e4r dyra, potentiellt brandfarliga och kr\u00e4ver s\u00e4llsynta r\u00e5material som ofta bryts under milj\u00f6m\u00e4ssigt tveksamma f\u00f6rh\u00e5llanden.<\/p>\n\n\n\n<p>Varje cell i litium-jon-<strong>batteriet<\/strong> best\u00e5r av tv\u00e5 elektroder, en separator och elektrolyt.<strong> En av elektroderna \u00e4r gjord av grafit,<\/strong> medan den andra \u00e4r en f\u00f6rening av litium, nickel, mangan och kobolt.<\/p>\n<\/div>\n\n\n\n<div class=\"wp-block-column is-layout-flow wp-block-column-is-layout-flow\">\n<p><\/p>\n\n\n\n<p>I j\u00e4mf\u00f6relse med befintliga batteritekniker, som till exempel blybatterier, har litiumjonbatterier en h\u00f6g energidensitet, vilket betyder att de b\u00e5de v\u00e4ger mindre och tar mindre plats. Detta g\u00f6r dem till ett attraktivt alternativ, men deras anv\u00e4ndbarhet inom storskalig energilagring har ocks\u00e5 ett antal begr\u00e4nsningar. Bland annat \u00e4r de trots s\u00e4nkta kostnader fortfarande relativt dyra att tillverka, bland annat p\u00e5 grund av att det kr\u00e4vs stora m\u00e4ngder litium och kobolt. De laddar ocks\u00e5 ur sig sj\u00e4lva \u00e4ven n\u00e4r de inte anv\u00e4nds. Det inneb\u00e4r att litiumjonbatterier l\u00e4mpar sig b\u00e4st f\u00f6r kortvarig lagring av energi.<\/p>\n<\/div>\n<\/div>\n\n\n\n<hr class=\"wp-block-separator has-alpha-channel-opacity\"\/>\n\n\n\n<p><\/p>\n","protected":false},"excerpt":{"rendered":"<p>De flesta laddhybrider och helelektriska fordon anv\u00e4nder litiumjonbatterier. Energilagringssystem, \u00e4r viktiga f\u00f6r helelektriska fordon, laddhybrider (PHEV) och hybridelfordon (HEV). F\u00f6rdelen med dessa batterier \u00e4r att de har l\u00e5ng livsl\u00e4ngd och h\u00f6g energit\u00e4thet, det vill s\u00e4ga att de kan lagra mycket energi. Men det finns ocks\u00e5 nackdelar med batterierna, bland annat risken f\u00f6r brand och explosion. &hellip; <\/p>\n<p class=\"link-more\"><a href=\"https:\/\/www.nunasvaara.se\/index.php\/litiumjonbatterier\/\" class=\"more-link\">L\u00e4s mer<span class=\"screen-reader-text\"> \u201dLitiumjonbatterier\u201d<\/span><\/a><\/p>\n","protected":false},"author":3,"featured_media":0,"parent":0,"menu_order":0,"comment_status":"closed","ping_status":"closed","template":"","meta":{"footnotes":""},"class_list":["post-7744","page","type-page","status-publish","hentry"],"_links":{"self":[{"href":"https:\/\/www.nunasvaara.se\/index.php\/wp-json\/wp\/v2\/pages\/7744","targetHints":{"allow":["GET"]}}],"collection":[{"href":"https:\/\/www.nunasvaara.se\/index.php\/wp-json\/wp\/v2\/pages"}],"about":[{"href":"https:\/\/www.nunasvaara.se\/index.php\/wp-json\/wp\/v2\/types\/page"}],"author":[{"embeddable":true,"href":"https:\/\/www.nunasvaara.se\/index.php\/wp-json\/wp\/v2\/users\/3"}],"replies":[{"embeddable":true,"href":"https:\/\/www.nunasvaara.se\/index.php\/wp-json\/wp\/v2\/comments?post=7744"}],"version-history":[{"count":8,"href":"https:\/\/www.nunasvaara.se\/index.php\/wp-json\/wp\/v2\/pages\/7744\/revisions"}],"predecessor-version":[{"id":7754,"href":"https:\/\/www.nunasvaara.se\/index.php\/wp-json\/wp\/v2\/pages\/7744\/revisions\/7754"}],"wp:attachment":[{"href":"https:\/\/www.nunasvaara.se\/index.php\/wp-json\/wp\/v2\/media?parent=7744"}],"curies":[{"name":"wp","href":"https:\/\/api.w.org\/{rel}","templated":true}]}}