{"id":7772,"date":"2025-11-08T16:35:18","date_gmt":"2025-11-08T15:35:18","guid":{"rendered":"https:\/\/www.nunasvaara.se\/?page_id=7772"},"modified":"2025-11-08T16:35:18","modified_gmt":"2025-11-08T15:35:18","slug":"kiselanod-batterier","status":"publish","type":"page","link":"https:\/\/www.nunasvaara.se\/index.php\/kiselanod-batterier\/","title":{"rendered":"Kiselanod batterier"},"content":{"rendered":"\n<p><\/p>\n\n\n\n<div class=\"wp-block-columns is-layout-flex wp-container-core-columns-is-layout-28f84493 wp-block-columns-is-layout-flex\">\n<div class=\"wp-block-column is-layout-flow wp-block-column-is-layout-flow\">\n<p class=\"has-medium-font-size\"><strong>Sandbatteriet (kisel) ger tre g\u00e5nger mer batteritid<\/strong><\/p>\n\n\n\n<p class=\"has-medium-font-size\">Denna alternativa typ av litiumjonbatteri anv\u00e4nder kisel f\u00f6r att uppn\u00e5 tre g\u00e5nger b\u00e4ttre prestanda \u00e4n nuvarande grafit-litiumjonbatterier. Batteriet \u00e4r fortfarande litiumjon som det som finns i din smartphone, men det anv\u00e4nder kisel ist\u00e4llet f\u00f6r grafit i anoderna.<\/p>\n\n\n\n<hr class=\"wp-block-separator has-alpha-channel-opacity\"\/>\n<\/div>\n<\/div>\n\n\n\n<div class=\"wp-block-columns is-layout-flex wp-container-core-columns-is-layout-28f84493 wp-block-columns-is-layout-flex\">\n<div class=\"wp-block-column is-layout-flow wp-block-column-is-layout-flow\">\n<p>Den globala batterimarknaden f\u00f6rutsp\u00e5s tiodubblas under f\u00f6ljande \u00e5rtionde, d\u00e5 batteritillverkarna s\u00f6ker mera h\u00e5llbara material f\u00f6r att elektrifiera fordonstrafiken. Det \u00f6kande antalet elfordon f\u00f6ruts\u00e4tter likas\u00e5 \u00f6kat utbud av bilbatterier. Litiumjonbatterier \u00e4r nu den mest popul\u00e4ra l\u00f6sningen. Det f\u00f6rv\u00e4ntas att fram till \u00e5r 2030&nbsp; \u00e4r 80 % av alla nya s\u00e5lda bilar i Europa elbilar.<\/p>\n<\/div>\n\n\n\n<div class=\"wp-block-column is-layout-flow wp-block-column-is-layout-flow\">\n<figure class=\"wp-block-image size-full\"><img loading=\"lazy\" decoding=\"async\" width=\"300\" height=\"168\" src=\"https:\/\/www.nunasvaara.se\/wp-content\/uploads\/2025\/11\/image-9.png\" alt=\"\" class=\"wp-image-7777\"\/><\/figure>\n<\/div>\n<\/div>\n\n\n\n<hr class=\"wp-block-separator has-alpha-channel-opacity\"\/>\n\n\n\n<div class=\"wp-block-columns is-layout-flex wp-container-core-columns-is-layout-28f84493 wp-block-columns-is-layout-flex\">\n<div class=\"wp-block-column is-layout-flow wp-block-column-is-layout-flow\">\n<p>R\u00e5material som anv\u00e4nds i alla batterier m\u00e5ste idag importeras till Europa. Detta v\u00e4cker ofta fr\u00e5gor om hur det \u00e4r med konkurrensf\u00f6rm\u00e5ga, milj\u00f6, ansvar och geopolitik. En av batteriernas viktigaste komponenter \u00e4r anoden. Det har ber\u00e4knats att \u00e5r 2030 \u00e4r anod f\u00f6rbrukningen ca 80 kg per bil. Utan en betydande f\u00f6r\u00e4ndring \u00e4r Europa i forts\u00e4ttningen helt beroende av asiatisk, till stor del <strong>syntetiskt och fossilbaserat grafitmaterial <\/strong>vid anskaffning av material till anoden.<\/p>\n<\/div>\n\n\n\n<div class=\"wp-block-column is-layout-flow wp-block-column-is-layout-flow\">\n<p>Under laddning skickas litiumjoner fr\u00e5n den positiva elektroden (katoden) till den negativa elektroden (anoden) \u2013 och n\u00e4r batteriet laddas ur r\u00f6r sig litiumjonerna i motsatt riktning. I dagens batterier best\u00e5r anoden av grafit, som \u00e4r en form av kol \u2013 och vid laddning omges en litiumatom av sex kolatomer. N\u00e4r litiumjoner m\u00f6ter kisel s\u00e5 \u00e4r f\u00f6rh\u00e5llandet ist\u00e4llet 15 litium- mot fyra kiselatomer. <strong>Det inneb\u00e4r att kiseln teoretiskt har tio g\u00e5nger s\u00e5 h\u00f6g kapacitet som grafit.<\/strong><\/p>\n<\/div>\n<\/div>\n\n\n\n<hr class=\"wp-block-separator has-alpha-channel-opacity\"\/>\n\n\n\n<div class=\"wp-block-columns is-layout-flex wp-container-core-columns-is-layout-28f84493 wp-block-columns-is-layout-flex\">\n<div class=\"wp-block-column is-layout-flow wp-block-column-is-layout-flow\">\n<p>Mercedes har ett nytt, energit\u00e4tare silikonbatteri p\u00e5 g\u00e5ng. F\u00f6rst ut med det blir modellen EQG som ska lanseras 2025.<br>Genom att anv\u00e4nda silikon i battericellernas anoder har man lyckats h\u00f6ja energidensiteten med 20\u201340 procent j\u00e4mf\u00f6rt med de <strong>grafitanodceller<\/strong> Mercedes anv\u00e4nder idag. Energit\u00e4theten ska d\u00e4rmed ligga p\u00e5 &#8221;\u00f6ver&#8221; 800 Wh\/l, menar Mercedes och Sila som samarbetat sedan 2019.<\/p>\n<\/div>\n\n\n\n<div class=\"wp-block-column is-layout-flow wp-block-column-is-layout-flow\">\n<p class=\"has-medium-font-size\">Under de senaste \u00e5ren har det visat sig att <strong>grafiten<\/strong> i anoden med f\u00f6rdel kan bytas ut mot kisel.<\/p>\n\n\n\n<p>Enevate r\u00e4knar med att se sin teknik i nya elbilar som rullar ut p\u00e5 v\u00e4garna 2024\u201325. Bland investerarna hittar vi bland annat Renault-Nissan-Mitsubishi, LG Chem och Samsung<\/p>\n<\/div>\n<\/div>\n\n\n\n<p><\/p>\n","protected":false},"excerpt":{"rendered":"<p>Sandbatteriet (kisel) ger tre g\u00e5nger mer batteritid Denna alternativa typ av litiumjonbatteri anv\u00e4nder kisel f\u00f6r att uppn\u00e5 tre g\u00e5nger b\u00e4ttre prestanda \u00e4n nuvarande grafit-litiumjonbatterier. Batteriet \u00e4r fortfarande litiumjon som det som finns i din smartphone, men det anv\u00e4nder kisel ist\u00e4llet f\u00f6r grafit i anoderna. Den globala batterimarknaden f\u00f6rutsp\u00e5s tiodubblas under f\u00f6ljande \u00e5rtionde, d\u00e5 batteritillverkarna s\u00f6ker &hellip; <\/p>\n<p class=\"link-more\"><a href=\"https:\/\/www.nunasvaara.se\/index.php\/kiselanod-batterier\/\" class=\"more-link\">L\u00e4s mer<span class=\"screen-reader-text\"> \u201dKiselanod batterier\u201d<\/span><\/a><\/p>\n","protected":false},"author":3,"featured_media":0,"parent":0,"menu_order":0,"comment_status":"closed","ping_status":"closed","template":"","meta":{"footnotes":""},"class_list":["post-7772","page","type-page","status-publish","hentry"],"_links":{"self":[{"href":"https:\/\/www.nunasvaara.se\/index.php\/wp-json\/wp\/v2\/pages\/7772","targetHints":{"allow":["GET"]}}],"collection":[{"href":"https:\/\/www.nunasvaara.se\/index.php\/wp-json\/wp\/v2\/pages"}],"about":[{"href":"https:\/\/www.nunasvaara.se\/index.php\/wp-json\/wp\/v2\/types\/page"}],"author":[{"embeddable":true,"href":"https:\/\/www.nunasvaara.se\/index.php\/wp-json\/wp\/v2\/users\/3"}],"replies":[{"embeddable":true,"href":"https:\/\/www.nunasvaara.se\/index.php\/wp-json\/wp\/v2\/comments?post=7772"}],"version-history":[{"count":9,"href":"https:\/\/www.nunasvaara.se\/index.php\/wp-json\/wp\/v2\/pages\/7772\/revisions"}],"predecessor-version":[{"id":7787,"href":"https:\/\/www.nunasvaara.se\/index.php\/wp-json\/wp\/v2\/pages\/7772\/revisions\/7787"}],"wp:attachment":[{"href":"https:\/\/www.nunasvaara.se\/index.php\/wp-json\/wp\/v2\/media?parent=7772"}],"curies":[{"name":"wp","href":"https:\/\/api.w.org\/{rel}","templated":true}]}}